{"id":700,"date":"2015-04-03T14:22:12","date_gmt":"2015-04-03T12:22:12","guid":{"rendered":"http:\/\/www.ecocenter.hu\/?page_id=700"},"modified":"2022-05-24T12:23:08","modified_gmt":"2022-05-24T10:23:08","slug":"green_bird-training","status":"publish","type":"page","link":"https:\/\/www.ecocenter.hu\/en\/education\/green_bird-training","title":{"rendered":"GREEN TOUR training"},"content":{"rendered":"<p style=\"text-align: center;\"><span style=\"color: #008000;\"><strong><a href=\"http:\/\/www.ecocenter.hu\/wp-content\/uploads\/2020\/11\/eulog\u00f3_angol.png\"><img loading=\"lazy\" decoding=\"async\" class=\"alignnone  wp-image-1280\" src=\"http:\/\/www.ecocenter.hu\/wp-content\/uploads\/2020\/11\/eulog\u00f3_angol-300x89.png\" alt=\"eulogo_angol\" width=\"276\" height=\"82\" srcset=\"https:\/\/www.ecocenter.hu\/wp-content\/uploads\/2020\/11\/eulog\u00f3_angol-300x89.png 300w, https:\/\/www.ecocenter.hu\/wp-content\/uploads\/2020\/11\/eulog\u00f3_angol.png 364w\" sizes=\"auto, (max-width: 276px) 100vw, 276px\" \/><\/a><a href=\"http:\/\/www.ecocenter.hu\/wp-content\/uploads\/2015\/04\/greentour-02-03-2017.jpg\">\u00a0 \u00a0<img loading=\"lazy\" decoding=\"async\" class=\"alignnone wp-image-1065\" src=\"http:\/\/www.ecocenter.hu\/wp-content\/uploads\/2015\/04\/greentour-02-03-2017-300x154.jpg\" alt=\"\" width=\"218\" height=\"112\" \/><\/a>\u00a0 \u00a0 <\/strong><\/span><\/p>\n<p>\u00a0 \u00a0 \u00a0 \u00a0 \u00a0 \u00a0 \u00a0 \u00a0 \u00a0 \u00a0 \u00a0 \u00a0 \u00a0 \u00a0 \u00a0 \u00a0 \u00a0 \u00a0 \u00a0 \u00a0 \u00a0 \u00a0 \u00a0 \u00a0 \u00a0 \u00a0 \u00a02016-1-HU01-KA202-022999<\/p>\n<p style=\"text-align: center;\"><span style=\"color: #008000;\"><strong>\u00a0 \u00a0Green tourism Blended-learning training as an Innovative Route for developing Destinations<\/strong><\/span><\/p>\n<p><a href=\"https:\/\/greentour-project.eu\/\"><span style=\"color: #339966;\">https:\/\/greentour-project.eu\/<\/span><\/a><\/p>\n<p><span style=\"color: #008000;\">GREEN\u00a0TOUR transferring a B-learning Tool to develop and increase skills and competences. The project with the development of a training material is a good motivational factor to train and educate the people employed in the tourism sector, towards to strengthen the number and quality of local jobs created\/supported by tourism &#8211; increased demand for tourist services is not always followed by increased number of qualified people. Although qualified professionals in tourism exist, there is a lack of tourism staff with competencies and skills to meet customer demand and labour market needs. The project will increase the knowledge and the quality of the services giving good example a guide for other tourism sectors. Education with specific knowledge and promote local cooperation are the best ways to increase ecotourism sector in the countries of European Union.<\/span><\/p>\n<p><span style=\"text-decoration: underline; color: #008000;\">Target group of the project<\/span><\/p>\n<p><span style=\"color: #008000;\">The target group of the project are entrepreneurs, future entrepreneurs who want to develop business; young people who are interested to learn sustainability and green tourism or would like to supplement their tourism diploma, local development promoters\/agents, municipality technicians and stakeholders who, by the nature of their professionals activities have to define policies and strategies connected to tourism sector; and technicians and professionals of tourism sector who would like to develop or increase their know-how and skills in this scope.<\/span><\/p>\n<p><span style=\"text-decoration: underline; color: #008000;\">The modules are the following:<\/span><\/p>\n<ol>\n<li><span style=\"color: #008000;\">Introduction of green tourism \u2013 what is green tourism what are the benefits for the business, for the tourists, for the local community<\/span><\/li>\n<li><span style=\"color: #008000;\">Green tourism, Sustainability and Ethical Issues<\/span><\/li>\n<li><span style=\"color: #008000;\">Promotion of green tourism -foreign languages; effective communication techniques and IT tools for more efficient marketing<\/span><\/li>\n<li><span style=\"color: #008000;\">Green tourism management \u2013 how to run a business dealing with green tourism<\/span><\/li>\n<li><span style=\"color: #008000;\">Tourism for disabled \u2013 training module on how to create tourism programs for disabled people.<\/span><\/li>\n<li><span style=\"color: #008000;\">\u00a0Work in Networks<\/span><\/li>\n<li><span style=\"color: #008000;\">Safety and Quality in green tourism<\/span><\/li>\n<li><span style=\"color: #008000;\">Thematic tour \u2013 training module which present the importance of the cooperation between local people in the field of green tourism<\/span><\/li>\n<\/ol>\n<p><span style=\"color: #008000;\">\u00a0<\/span><\/p>\n<p><span style=\"text-decoration: underline; color: #008000;\">Overall aims of the project:<\/span><\/p>\n<ul>\n<li><span style=\"color: #008000;\">To develop a blended training course that allows the participations to develop and improve the skills and competences necessaries related to green tourism and ecology.<\/span><\/li>\n<li><span style=\"color: #008000;\">To allow learners to continue living in the rural areas by increasing new opportunities of employability, developing the existing small business and potentiate new ones, preserving local nature and culture background and also promote the green and nature conservation.<\/span><\/li>\n<li><span style=\"color: #008000;\">To ensure special training for young people and for others who are interested in green tourism. This training will be a good specialisation before\/after high-level tourism courses ensure by the universities.<\/span><\/li>\n<li><span style=\"color: #008000;\">To raises awareness and cooperation on relevant stakeholders, manufacturers and local development associations about tourism potential of their regions and will facilitate to define policies and strategies.<\/span><\/li>\n<li><span style=\"color: #008000;\">Minimalize the use of scarce and non-renewable resources in the development and operation of tourism facilities and services and thus reduce the impact of tourism on energy and water demand.<\/span><\/li>\n<li><span style=\"color: #008000;\">Underline the importance of using new IT and marketing possibilities (website, mobile applications, e-newsletter, QR code) in sustainable and green tourism.<\/span><\/li>\n<li><span style=\"color: #008000;\">To motivate the cooperation between local entrepreneurs, companies, municipalities, manufacturers and the maintainer of ecotourism attractions and National Parks.<\/span><\/li>\n<li><span style=\"color: #008000;\">Educating how to care disabled person and the importance of creating ecotourism programs, guides for deaf, blind and handicapped people in the field of rural\/ecotourism.<\/span><\/li>\n<li><span style=\"color: #008000;\">The project will be a local developer tool to deprived regions, increasing the employment potential.<\/span><\/li>\n<\/ul>\n<p><span style=\"text-decoration: underline; color: #008000;\">Concrete aims\/results of the project:<\/span><\/p>\n<ul>\n<li><span style=\"color: #008000;\">Create Competence Validation Tool\u00a0 containing questions\/situations with several options to answer for the target group \u2013 to measure participants knowledge<\/span><\/li>\n<li><span style=\"color: #008000;\">Create three \u201cthematic tour\u201d in every partner country which includes min. three ecotourism attraction. (National Parks, eco farms, local manufacturers, environmental associations, arboretums, etc.)<\/span><\/li>\n<li><span style=\"color: #008000;\">Emphasize the importance of creating IT tools for marketing. website, e-newsletters and mobile applications could help reaching target group.<\/span><\/li>\n<li><span style=\"color: #008000;\">To complement green tourism and ecotourism education in the partner countries. Greening tourism is very important segment of tourism and partner countries needs a complex educational material to increase knowledge, entrepreneurship in this field. In Hungary there is no available green tourism educational training provided by educational institutions (VET centres, Universities, Colleges)<\/span><\/li>\n<li><span style=\"color: #008000;\">To create an educational material which put\u00a0 a great emphasis on practical knowledge and not only theoretical knowledge.<\/span><\/li>\n<\/ul>\n<p><span style=\"color: #008000;\">The project based on NATUR project &#8211; which was submitted and supported in Portugal in 2010. The partner countries of NATUR project: Estonia, Netherland, Turkey.<\/span><\/p>\n<p><strong><span style=\"text-decoration: underline;\"><span style=\"color: #008000; text-decoration: underline;\">References:<\/span><\/span><\/strong><\/p>\n<ul>\n<li><a title=\"Felhaszn\u00e1lt Irodalom 1.\" href=\"http:\/\/www.ecocenter.hu\/wp-content\/uploads\/2015\/04\/monitor2014-hu_en.pdf\" target=\"_blank\" rel=\"noopener\">Education and Training Monitor 2014 &#8211; Hungary<\/a><\/li>\n<li><a title=\"Felhaszn\u00e1lt irodalom 2.\" href=\"http:\/\/www.ecocenter.hu\/wp-content\/uploads\/2015\/04\/Tourism-in-the-green_economy-unwto_unep.pdf\" target=\"_blank\" rel=\"noopener\">Tourism in the Green Economy &#8211; Background Report (2012, United Nations Environment Programme (UNEP) and World Tourism Organization (UNWTO)<\/a>)<\/li>\n<li><a title=\"FElhaszn\u00e1lt irodalom 3.\" href=\"http:\/\/www.ecocenter.hu\/wp-content\/uploads\/2015\/04\/Tourism-in-the-green_economy-unwto_unep.pdf\" target=\"_blank\" rel=\"noopener\">Dr. L\u00f3r\u00e1nt D\u00e1vid \u00e1ltal \u00f6ssze\u00e1lltott kurzusterv<br \/>\nC\u00edm: TOURISM ECOLOGY AND RESPONSIBLE SUSTAINABLE TOURISM DEVELOPMENT (A GLOBAL OVERVIEW)<br \/>\n<\/a><\/li>\n<\/ul>\n<h6>This project has been funded with support from the European Commission. This publication reflects the views only of the author, and the Commission cannot be held responsible for any use which may be made of the information contained therein.<\/h6>\n","protected":false},"excerpt":{"rendered":"<p>\u00a0 \u00a0\u00a0 \u00a0 \u00a0 \u00a0 \u00a0 \u00a0 \u00a0 \u00a0 \u00a0 \u00a0 \u00a0 \u00a0 \u00a0 \u00a0 \u00a0 \u00a0 \u00a0 \u00a0 \u00a0 \u00a0 \u00a0 \u00a0 \u00a0 \u00a0 \u00a0 \u00a0 \u00a0 \u00a0 \u00a02016-1-HU01-KA202-022999 \u00a0 \u00a0Green tourism Blended-learning training as an Innovative Route for developing Destinations https:\/\/greentour-project.eu\/ GREEN\u00a0TOUR transferring a B-learning Tool to develop and increase skills and competences. &hellip; <\/p>\n<p class=\"link-more\"><a href=\"https:\/\/www.ecocenter.hu\/en\/education\/green_bird-training\" class=\"more-link\">Read more<span class=\"screen-reader-text\"> &#8220;GREEN TOUR training&#8221;<\/span><\/a><\/p>\n","protected":false},"author":2,"featured_media":0,"parent":576,"menu_order":0,"comment_status":"open","ping_status":"open","template":"","meta":{"om_disable_all_campaigns":false,"_monsterinsights_skip_tracking":false,"_monsterinsights_sitenote_active":false,"_monsterinsights_sitenote_note":"","_monsterinsights_sitenote_category":0,"footnotes":""},"class_list":["post-700","page","type-page","status-publish","hentry"],"aioseo_notices":[],"_links":{"self":[{"href":"https:\/\/www.ecocenter.hu\/en\/wp-json\/wp\/v2\/pages\/700","targetHints":{"allow":["GET"]}}],"collection":[{"href":"https:\/\/www.ecocenter.hu\/en\/wp-json\/wp\/v2\/pages"}],"about":[{"href":"https:\/\/www.ecocenter.hu\/en\/wp-json\/wp\/v2\/types\/page"}],"author":[{"embeddable":true,"href":"https:\/\/www.ecocenter.hu\/en\/wp-json\/wp\/v2\/users\/2"}],"replies":[{"embeddable":true,"href":"https:\/\/www.ecocenter.hu\/en\/wp-json\/wp\/v2\/comments?post=700"}],"version-history":[{"count":11,"href":"https:\/\/www.ecocenter.hu\/en\/wp-json\/wp\/v2\/pages\/700\/revisions"}],"predecessor-version":[{"id":1611,"href":"https:\/\/www.ecocenter.hu\/en\/wp-json\/wp\/v2\/pages\/700\/revisions\/1611"}],"up":[{"embeddable":true,"href":"https:\/\/www.ecocenter.hu\/en\/wp-json\/wp\/v2\/pages\/576"}],"wp:attachment":[{"href":"https:\/\/www.ecocenter.hu\/en\/wp-json\/wp\/v2\/media?parent=700"}],"curies":[{"name":"wp","href":"https:\/\/api.w.org\/{rel}","templated":true}]}}