{"id":568,"date":"2015-03-31T15:51:38","date_gmt":"2015-03-31T13:51:38","guid":{"rendered":"http:\/\/www.ecocenter.hu\/?page_id=568"},"modified":"2022-12-07T10:45:09","modified_gmt":"2022-12-07T09:45:09","slug":"elerhetoseg","status":"publish","type":"page","link":"https:\/\/www.ecocenter.hu\/en\/elerhetoseg","title":{"rendered":"Contacts"},"content":{"rendered":"<p style=\"text-align: center;\"><span style=\"text-decoration: underline; font-size: large;\"><strong>Ecocenter Benefit Foundation<br \/>\n<\/strong><\/span><\/p>\n<p style=\"text-align: center;\"><span style=\"font-size: medium;\"><strong><span style=\"text-decoration: underline;\"><span style=\"color: #008000; text-decoration: underline;\">Healthy Human &#8211; Healthy Environment<\/span><\/span><\/strong><\/span><\/p>\n<p style=\"text-align: center;\"><span style=\"font-size: medium;\"><strong><span style=\"text-decoration: underline;\"><span style=\"color: #008000; text-decoration: underline;\">\u00a0<\/span><\/span><\/strong><\/span><\/p>\n<table border=\"0\">\n<tbody>\n<tr>\n<td><strong>Postal Address:<\/strong><\/td>\n<td style=\"padding-left: 30px; text-align: left;\"><span style=\"color: #008000;\"><strong>HUNGARY &#8211; 1118 Budapest, K\u00f6b\u00f6lk\u00fat utca 12.<\/strong><\/span><\/td>\n<\/tr>\n<tr>\n<td><span style=\"color: #000000;\"><strong>Registered Seat<\/strong><\/span>:<\/td>\n<td style=\"padding-left: 30px; text-align: left;\"><span style=\"color: #008000;\">Hungary &#8211; 3000 Hatvan, Hegyalja \u00fat 140.<\/span><\/td>\n<\/tr>\n<tr>\n<td><strong>Telephone:<\/strong><\/td>\n<td style=\"padding-left: 30px; text-align: left;\"><span style=\"color: #008000;\">+36-1\/4670356<\/span><\/td>\n<\/tr>\n<tr>\n<td><strong>Mobile:<\/strong><\/td>\n<td style=\"padding-left: 30px; text-align: left;\"><span style=\"color: #008000;\">+36 70\/ 385 5681<\/span><\/td>\n<\/tr>\n<tr>\n<td><strong>E-mail:<\/strong><\/td>\n<td style=\"padding-left: 30px; text-align: left;\"><span style=\"color: #008000;\">Education: oktatas@ecocenter.hu<\/span><br \/>\n<span style=\"color: #008000;\">Grants, Funds and projects: info@ecocenter.hu<\/span><br \/>\n<span style=\"color: #008000;\">Environmental issues: komposztalas@ecocenter.hu<\/span><br \/>\n<span style=\"color: #008000;\">General questions: alapitvany@ecocenter.hu<\/span><\/td>\n<\/tr>\n<\/tbody>\n<\/table>\n<p><span style=\"color: #008000;\"><strong>Further seats of the Fundation in Hungary:<\/strong><\/span><\/p>\n<ul>\n<li><span style=\"color: #008000;\">1118 Budapest, Schweidel u. 39\/A.<\/span><\/li>\n<li><span style=\"color: #008000;\">1065 Budapest, Nagymez\u0151 u. 14.<\/span><\/li>\n<li><span style=\"color: #008000;\">1143 Budapest, Z\u00e1szl\u00f3s u. 22.<\/span><\/li>\n<li><span style=\"color: #008000;\">1121 Budapest, Tat\u00e1rvir\u00e1g u. 1.<\/span><\/li>\n<li><span style=\"color: #008000;\">6100 Kiskunf\u00e9legyh\u00e1za, Apaffy u. 4.<\/span><\/li>\n<li><span style=\"color: #008000;\">7700 Moh\u00e1cs, Per\u00e9nyi u.41.<\/span><\/li>\n<li><span style=\"color: #008000;\">9740 B\u00fckf\u00fcrd\u0151, Term\u00e1l krt. 2.<\/span><\/li>\n<li><span style=\"color: #008000;\">8230 Balatonf\u00fcred, Udvar k\u00f6z 11.<\/span><\/li>\n<\/ul>\n","protected":false},"excerpt":{"rendered":"<p>Ecocenter Benefit Foundation Healthy Human &#8211; Healthy Environment \u00a0 Postal Address: HUNGARY &#8211; 1118 Budapest, K\u00f6b\u00f6lk\u00fat utca 12. Registered Seat: Hungary &#8211; 3000 Hatvan, Hegyalja \u00fat 140. Telephone: +36-1\/4670356 Mobile: +36 70\/ 385 5681 E-mail: Education: oktatas@ecocenter.hu Grants, Funds and projects: info@ecocenter.hu Environmental issues: komposztalas@ecocenter.hu General questions: alapitvany@ecocenter.hu Further seats of the Fundation in Hungary: &hellip; <\/p>\n<p class=\"link-more\"><a href=\"https:\/\/www.ecocenter.hu\/en\/elerhetoseg\" class=\"more-link\">Read more<span class=\"screen-reader-text\"> &#8220;Contacts&#8221;<\/span><\/a><\/p>\n","protected":false},"author":2,"featured_media":0,"parent":0,"menu_order":0,"comment_status":"open","ping_status":"open","template":"","meta":{"om_disable_all_campaigns":false,"_monsterinsights_skip_tracking":false,"_monsterinsights_sitenote_active":false,"_monsterinsights_sitenote_note":"","_monsterinsights_sitenote_category":0,"footnotes":""},"class_list":["post-568","page","type-page","status-publish","hentry"],"aioseo_notices":[],"_links":{"self":[{"href":"https:\/\/www.ecocenter.hu\/en\/wp-json\/wp\/v2\/pages\/568","targetHints":{"allow":["GET"]}}],"collection":[{"href":"https:\/\/www.ecocenter.hu\/en\/wp-json\/wp\/v2\/pages"}],"about":[{"href":"https:\/\/www.ecocenter.hu\/en\/wp-json\/wp\/v2\/types\/page"}],"author":[{"embeddable":true,"href":"https:\/\/www.ecocenter.hu\/en\/wp-json\/wp\/v2\/users\/2"}],"replies":[{"embeddable":true,"href":"https:\/\/www.ecocenter.hu\/en\/wp-json\/wp\/v2\/comments?post=568"}],"version-history":[{"count":8,"href":"https:\/\/www.ecocenter.hu\/en\/wp-json\/wp\/v2\/pages\/568\/revisions"}],"predecessor-version":[{"id":2341,"href":"https:\/\/www.ecocenter.hu\/en\/wp-json\/wp\/v2\/pages\/568\/revisions\/2341"}],"wp:attachment":[{"href":"https:\/\/www.ecocenter.hu\/en\/wp-json\/wp\/v2\/media?parent=568"}],"curies":[{"name":"wp","href":"https:\/\/api.w.org\/{rel}","templated":true}]}}