{"id":430,"date":"2014-06-06T13:15:17","date_gmt":"2014-06-06T11:15:17","guid":{"rendered":"http:\/\/www.ecocenter.hu\/munkahely-kompetenciak-ervenyesitese-projekt-4"},"modified":"2022-04-21T13:18:53","modified_gmt":"2022-04-21T11:18:53","slug":"munkahely-kompetenciak-ervenyesitese-projekt","status":"publish","type":"page","link":"https:\/\/www.ecocenter.hu\/en\/munkahely-kompetenciak-ervenyesitese-projekt","title":{"rendered":"Valid AID+ projekt"},"content":{"rendered":"<p style=\"text-align: left;\" align=\"center\"><strong><a href=\"http:\/\/www.ecocenter.hu\/wp-content\/uploads\/2020\/11\/eu-log\u00f3_magyar.png\"><img loading=\"lazy\" decoding=\"async\" class=\"alignnone wp-image-1279\" src=\"http:\/\/www.ecocenter.hu\/wp-content\/uploads\/2020\/11\/eu-log\u00f3_magyar-300x61.png\" alt=\"eu-logo_magyar\" width=\"231\" height=\"47\" srcset=\"https:\/\/www.ecocenter.hu\/wp-content\/uploads\/2020\/11\/eu-log\u00f3_magyar-300x61.png 300w, https:\/\/www.ecocenter.hu\/wp-content\/uploads\/2020\/11\/eu-log\u00f3_magyar.png 496w\" sizes=\"auto, (max-width: 231px) 100vw, 231px\" \/><\/a>\u00a0<\/strong><\/p>\n<p style=\"text-align: right;\" align=\"center\"><a href=\"http:\/\/www.ecocenter.hu\/wp-content\/uploads\/2014\/10\/Logo_final2_kicsi-e1412586326392.png\"><img loading=\"lazy\" decoding=\"async\" class=\"alignnone size-medium wp-image-482\" src=\"http:\/\/www.ecocenter.hu\/wp-content\/uploads\/2014\/10\/Logo_final2_kicsi-300x96.png\" alt=\"Logo_final2_kicsi\" width=\"300\" height=\"96\" \/><\/a><\/p>\n<p>\u00a0 \u00a0 \u00a0 \u00a0 \u00a0 \u00a0 \u00a0 \u00a0 \u00a0 \u00a0 \u00a0 \u00a0 \u00a0 \u00a0 \u00a0 \u00a0 \u00a0 \u00a0 \u00a0 \u00a0 \u00a0 \u00a0 \u00a0 \u00a0 \u00a0 \u00a0 \u00a0 \u00a0 \u00a02013-1-GR1-LEO05-14120<\/p>\n<p align=\"center\"><strong>VALID AID + <\/strong><strong>\u201eA munkahelyen szerzett kompetenci\u00e1k \u00e9rv\u00e9nyes\u00edt\u00e9se alacsony k\u00e9pzetts\u00e9g\u0171 emberek sz\u00e1m\u00e1ra\u201d<\/strong><\/p>\n<p>VALID AID +<span style=\"font-size: small;\"> \u201eA munkahelyen szerzett kompetenci\u00e1k \u00e9rv\u00e9nyes\u00edt\u00e9se alacsony k\u00e9pzetts\u00e9g\u0171 emberek sz\u00e1m\u00e1ra\u201d c\u00edm\u0171 Eur\u00f3pai Uni\u00f3 \u00e1ltal t\u00e1mogatott projektben Magyarorsz\u00e1g is r\u00e9szt vesz partnerk\u00e9nt \u00edgy a megval\u00f3s\u00edt\u00e1s folyamat\u00e1ban val\u00f3 r\u00e9szv\u00e9telre \u00e9s a projekt eredm\u00e9nyeinek felhaszn\u00e1l\u00e1s\u00e1ra is lehet\u0151s\u00e9ge van az orsz\u00e1gnak.\u00a0<\/span><\/p>\n<p><span style=\"text-decoration: underline;\">\u00a0A projekt le\u00edr\u00e1sa: <\/span><\/p>\n<p><span style=\"font-size: small;\">A project f\u0151 c\u00e9lja olyan m\u00f3dszerek \u00e9s eszk\u00f6z\u00f6k fejleszt\u00e9se, mely lehet\u0151v\u00e9 teszi a munkahelyeken szerzett kompetenci\u00e1k \u00e9rv\u00e9nyes\u00edt\u00e9s\u00e9t\/elismer\u00e9s\u00e9t. A projekt egyr\u00e9szr\u0151l igyekszik l\u00e1that\u00f3v\u00e1 tenni a kompetenci\u00e1kat az egy\u00e9nek sz\u00e1m\u00e1ra amely motiv\u00e1ci\u00f3s faktor lehet sz\u00e1mukra a szakmai fejl\u0151d\u00e9shez, karrierj\u00fck \u00e9p\u00edt\u00e9se sor\u00e1n, illetve el\u0151seg\u00edti r\u00e9szv\u00e9tel\u00fcket az \u00e9lethosszig tart\u00f3 tanul\u00e1sban. M\u00e1sr\u00e9szr\u0151l fontos, hogy a kompetenci\u00e1k a c\u00e9gek sz\u00e1m\u00e1ra is l\u00e1that\u00f3ak legyek, hogy c\u00e9lzottabb k\u00e9pz\u00e9si lehet\u0151s\u00e9get biztos\u00edthassanak alacsonyan k\u00e9pzett munkav\u00e1llal\u00f3ik sz\u00e1m\u00e1ra.<\/span><\/p>\n<p><span style=\"text-decoration: underline;\">A projekt \u00e1ltal vizsg\u00e1lt szektorok:<\/span><\/p>\n<ol>\n<li>Adminisztr\u00e1ci\u00f3<\/li>\n<li>Kereskedelem<\/li>\n<li>Vend\u00e9gl\u00e1t\u00e1s<\/li>\n<\/ol>\n<p><span style=\"text-decoration: underline;\">C\u00e9lcsoportok: <\/span><\/p>\n<p><span style=\"font-size: small;\">\u00a0\u00a0\u00a0\u00a0 1. K\u00f6z\u00e9piskolai tanulm\u00e1nyokn\u00e1l magasabb v\u00e9gzetts\u00e9ggel nem rendelkez\u0151k<\/span><\/p>\n<p><span style=\"font-size: small;\">\u00a0\u00a0\u00a0\u00a0 2. Munk\u00e1ltat\u00f3k<\/span><\/p>\n<p><span style=\"font-size: small;\">\u00a0\u00a0\u00a0\u00a0 3. Karrier tan\u00e1csad\u00f3 centrumok, munka\u00fcgyi kirendelts\u00e9gek<\/span><\/p>\n<h6>A projekt az Eur\u00f3pai Bizotts\u00e1g t\u00e1rsfinansz\u00edroz\u00e1s\u00e1ban val\u00f3sul meg.<br \/>\nA weboldal kiz\u00e1r\u00f3lag a szerz\u0151 \u00e1ll\u00e1spontj\u00e1t t\u00fckr\u00f6zi, \u00e9s a Bizotts\u00e1g nem vonhat\u00f3 felel\u0151ss\u00e9gre az oldalon tal\u00e1lhat\u00f3 inform\u00e1ci\u00f3k b\u00e1rminem\u0171 felhaszn\u00e1l\u00e1s\u00e1\u00e9rt.<\/h6>\n<p><a href=\"http:\/\/www.validaidplus.eu\/en\/\">\u00a0<\/a><\/p>\n","protected":false},"excerpt":{"rendered":"<p>\u00a0 \u00a0 \u00a0 \u00a0 \u00a0 \u00a0 \u00a0 \u00a0 \u00a0 \u00a0 \u00a0 \u00a0 \u00a0 \u00a0 \u00a0 \u00a0 \u00a0 \u00a0 \u00a0 \u00a0 \u00a0 \u00a0 \u00a0 \u00a0 \u00a0 \u00a0 \u00a0 \u00a0 \u00a0 \u00a02013-1-GR1-LEO05-14120 VALID AID + \u201eA munkahelyen szerzett kompetenci\u00e1k \u00e9rv\u00e9nyes\u00edt\u00e9se alacsony k\u00e9pzetts\u00e9g\u0171 emberek sz\u00e1m\u00e1ra\u201d VALID AID + \u201eA munkahelyen szerzett kompetenci\u00e1k \u00e9rv\u00e9nyes\u00edt\u00e9se alacsony k\u00e9pzetts\u00e9g\u0171 emberek sz\u00e1m\u00e1ra\u201d c\u00edm\u0171 &hellip; <\/p>\n<p class=\"link-more\"><a href=\"https:\/\/www.ecocenter.hu\/en\/munkahely-kompetenciak-ervenyesitese-projekt\" class=\"more-link\">Read more<span class=\"screen-reader-text\"> &#8220;Valid AID+ projekt&#8221;<\/span><\/a><\/p>\n","protected":false},"author":1,"featured_media":0,"parent":0,"menu_order":0,"comment_status":"open","ping_status":"closed","template":"","meta":{"om_disable_all_campaigns":false,"_monsterinsights_skip_tracking":false,"_monsterinsights_sitenote_active":false,"_monsterinsights_sitenote_note":"","_monsterinsights_sitenote_category":0,"footnotes":""},"class_list":["post-430","page","type-page","status-publish","hentry"],"aioseo_notices":[],"_links":{"self":[{"href":"https:\/\/www.ecocenter.hu\/en\/wp-json\/wp\/v2\/pages\/430","targetHints":{"allow":["GET"]}}],"collection":[{"href":"https:\/\/www.ecocenter.hu\/en\/wp-json\/wp\/v2\/pages"}],"about":[{"href":"https:\/\/www.ecocenter.hu\/en\/wp-json\/wp\/v2\/types\/page"}],"author":[{"embeddable":true,"href":"https:\/\/www.ecocenter.hu\/en\/wp-json\/wp\/v2\/users\/1"}],"replies":[{"embeddable":true,"href":"https:\/\/www.ecocenter.hu\/en\/wp-json\/wp\/v2\/comments?post=430"}],"version-history":[{"count":23,"href":"https:\/\/www.ecocenter.hu\/en\/wp-json\/wp\/v2\/pages\/430\/revisions"}],"predecessor-version":[{"id":1597,"href":"https:\/\/www.ecocenter.hu\/en\/wp-json\/wp\/v2\/pages\/430\/revisions\/1597"}],"wp:attachment":[{"href":"https:\/\/www.ecocenter.hu\/en\/wp-json\/wp\/v2\/media?parent=430"}],"curies":[{"name":"wp","href":"https:\/\/api.w.org\/{rel}","templated":true}]}}