{"id":346,"date":"2012-11-30T13:10:05","date_gmt":"2012-11-30T12:10:05","guid":{"rendered":"http:\/\/www.ecocenter.hu\/?page_id=346"},"modified":"2012-11-30T13:10:05","modified_gmt":"2012-11-30T12:10:05","slug":"ecocenter-park-hatvan","status":"publish","type":"page","link":"https:\/\/www.ecocenter.hu\/en\/ecocenter-park-hatvan","title":{"rendered":"Ecocenter Park Hatvan"},"content":{"rendered":"<p style=\"text-align: center;\"><span style=\"color: #008000;\">ENVIRONMENTAL MANAGEMENT CENTRE &#8211; RENEWABLE ENERGY PARK <\/span><br \/>\n<span style=\"color: #008000;\"> ESTABLISHMENT<\/span><\/p>\n<p><span style=\"color: #008000;\">\u00a0<\/span><\/p>\n<p><span style=\"color: #008000;\">Location: Hungary \u2013 Hatvan \u2013 140 Hegyalja street<\/span><\/p>\n<p><span style=\"color: #008000;\">Objective: Establishment of a demonstration park in the middle of Europe displaying environment conform technologies, innovations of the world aiming at universalizing the utilisation of environmental management, environment conform technologies and renewable energy sources- using practise oriented methods<\/span><\/p>\n<p><span style=\"color: #008000;\">\u00a0<\/span><\/p>\n<p><span style=\"color: #008000;\">When founding the Display Park in Hatvan, we are aiming at establishing an oustanding demonstrational, educational and research institution that:<\/span><br \/>\n<span style=\"color: #008000;\"> \u2022 offers facilities to new technologies during operation,<\/span><br \/>\n<span style=\"color: #008000;\"> \u2022 provides infrastructural background for their set-up and work,<\/span><br \/>\n<span style=\"color: #008000;\"> \u2022 therefore suitable for their efficient marketing,<\/span><br \/>\n<span style=\"color: #008000;\"> \u2022 can be run in an environment-friendly way, <\/span><br \/>\n<span style=\"color: #008000;\"> \u2022 open towards social interest,<\/span><br \/>\n<span style=\"color: #008000;\"> \u2022 supports all sorts of researches and practical implementations in connection with utilisation of environment conform technologies, <\/span><br \/>\n<span style=\"color: #008000;\"> \u2022 making available learning possibilities based on practical experiences to a wider population<\/span><\/p>\n<p><span style=\"color: #008000;\">\u00a0<\/span><\/p>\n<p><span style=\"color: #008000;\">The demonstration centre also creates possibility to wide social cooperation, facilitates the information flow, provides comprehensive professional guidance. Contributes to professional and economic effectiveness, develop innovation skills, and at the same time gives forum to discussion.<\/span><\/p>\n<p><span style=\"color: #008000;\">\u00a0<\/span><\/p>\n<p><span style=\"color: #008000;\">Result:<\/span><\/p>\n<p><span style=\"color: #008000;\">Realization of a true \u201ctechnology show-case\u201d that is incomparable in point of the variety of the demonstrated solutions and their concentrated scope in implementation. Possibility for a permanent technology exhibition for modern, energy sparing and environment conform executions.<\/span><\/p>\n<p><span style=\"color: #008000;\">\u00a0<\/span><\/p>\n<p><span style=\"color: #008000;\">Long-term objectives of the founders:<\/span><br \/>\n<span style=\"color: #008000;\"> Execution of environment-centred economy.<\/span><br \/>\n<span style=\"color: #008000;\"> \u2022 Environment monitoring, its preventive protenction, easing damaging environmental effects, facilitating adaptation to nature<\/span><br \/>\n<span style=\"color: #008000;\"> \u2022 protection, preservation and augment of the cultural heritage<\/span><br \/>\n<span style=\"color: #008000;\"> \u2022 assessment, supervision and testing of technologies<\/span><br \/>\n<span style=\"color: #008000;\"> \u2022 preservation of natural resources, sustainable resource-management, biodiversity protection<\/span><br \/>\n<span style=\"color: #008000;\"> \u2022 careful management of the environment of humanity<\/span><br \/>\n<span style=\"color: #008000;\"> \u2022 realisation of professional seminars, trade exhibitions, events.<\/span><\/p>\n<p><span style=\"color: #008000;\">\u00a0<\/span><\/p>\n<p><span style=\"color: #008000;\">Future: <\/span><br \/>\n<span style=\"color: #008000;\"> The Park takes on the additional activites: <\/span><br \/>\n<span style=\"color: #008000;\"> \u2022 planning and operating model initiatives, making energetic, environmental effect<\/span><br \/>\n<span style=\"color: #008000;\"> \u2022 forming environment policy, representation of interests, creating environment consciousness<\/span><\/p>\n<p><span style=\"color: #008000;\"> Introduction of the Park:<\/span><\/p>\n<p><span style=\"color: #008000;\">At present:<\/span><br \/>\n<span style=\"color: #008000;\"> &#8211; The main building is a 200 sqm, more than 100 years old building functioning as an eco-building<\/span><br \/>\n<span style=\"color: #008000;\"> &#8211; 2 acres of garden, wine-cellar, and outbuildings belong to the house<\/span><br \/>\n<span style=\"color: #008000;\"> &#8211; 9 acres of own land, garden-plot and ploughland<\/span><\/p>\n<p><span style=\"color: #008000;\">\u00a0<\/span><\/p>\n<p><span style=\"color: #008000;\">Exhibitor possibility<\/span><br \/>\n<span style=\"color: #008000;\"> \u2022 Applications can be received from all over the world (within the area limitations), decision on admittance is based upon professional evaluation. <\/span><br \/>\n<span style=\"color: #008000;\"> \u2022 The rented area is outdoor, (covered if requested), with electricity installation (380 V), its standard size is either 10 m x 15 m, or 20 m x 15 m<\/span><br \/>\n<span style=\"color: #008000;\"> \u2022 The tenancy is a minimum of 3 months (free of charge), 1 year-long tenancy is preferred (year to year prolongation possibility of contract)<\/span><\/p>\n<p><span style=\"color: #008000;\">\u00a0<\/span><\/p>\n<p><span style=\"color: #008000;\">BENEFITS<\/span><\/p>\n<p><span style=\"color: #008000;\">Why we propose the Environmental Management Centre in Hatvan as a permanent exhibition and information centre location?<\/span><br \/>\n<span style=\"color: #008000;\"> \u2022 Favourable geographical location, transport connections, easy access<\/span><br \/>\n<span style=\"color: #008000;\"> \u2022 Exploitable business development possibilites (logistics, supplier network building) <\/span><br \/>\n<span style=\"color: #008000;\"> \u2022 Clarified ownership, appropriate existing infrastructure, suitable for the tasks to be carried out, rentable area, section of land. The current buildings can be used (further development plans are set)<\/span><br \/>\n<span style=\"color: #008000;\"> \u2022 9 acres of land all together, 9 acres green field investment posssibility<\/span><br \/>\n<span style=\"color: #008000;\"> \u2022 Existing industrial knowledge, innovative economical environment, skilled workmanship in the neighbourhood<\/span><br \/>\n<span style=\"color: #008000;\"> \u2022 Invesment friendly local authority policy towards tenants<\/span><br \/>\n<span style=\"color: #008000;\"> \u2022 Support schemes available for the Park.<\/span><\/p>\n<p><span style=\"color: #008000;\">\u00a0<\/span><\/p>\n<p><span style=\"color: #008000;\">Plans in 2 years time:<\/span><br \/>\n<span style=\"color: #008000;\"> In the frame of the Environmental Management Centre of Hatvan:<\/span><br \/>\n<span style=\"color: #008000;\"> \u2022 an educational and conference centre with modern conference technology, <\/span><br \/>\n<span style=\"color: #008000;\"> \u2022 8 demonstration house, a guest house, and further accommodations,<\/span><br \/>\n<span style=\"color: #008000;\"> \u2022 a restaurant, and further additional facilites are to be built.<\/span><\/p>\n<p><span style=\"color: #008000;\">\u00a0<\/span><\/p>\n<p><span style=\"color: #008000;\">Joining countries and organisations:<\/span><br \/>\n<span style=\"color: #008000;\"> Hungary: companies, farmers, organisations, and 4 Universities:<\/span><br \/>\n<span style=\"color: #008000;\"> Szent Istv\u00e1n University, Corvinus University, Technical University of Budapest, Pannon University, Veszpr\u00e9m<\/span><br \/>\n<span style=\"color: #008000;\"> Austria: Bluewaters Environmental Consultants, Austria, Vienna<\/span><br \/>\n<span style=\"color: #008000;\"> Greece: CRES- Centre for Renewable Energy Sources<\/span><br \/>\n<span style=\"color: #008000;\"> Romania: organisations, companies, BIOTERRA Association of Romanian Biofarmers, Sapientia Hungarian University<\/span><br \/>\n<span style=\"color: #008000;\"> Slovakia: Without F. S.R.L. Environment protection company<\/span><br \/>\n<span style=\"color: #008000;\"> \u00a0<\/span><\/p>\n<p><span style=\"color: #008000;\">RESULTS<\/span><\/p>\n<p><span style=\"color: #008000;\">The realisation of the present project expectedly induces several investment projects creating new jobs, that contributes to the utilisation of more developed environmental technologies in higher quantity in the Central-European Region and in Hungary.<\/span><\/p>\n<p><span style=\"color: #008000;\">As an extensive outcome, lessening damages to the environment, growing utilisation of renewable energy sources in Hungary, therefore the fulfillment of the relevant EC directives, contribution to the sustainable development and creating a cleaner and a better place to live in can also be considered.<\/span><\/p>\n<p><span style=\"color: #008000;\">\u00a0<\/span><\/p>\n<p><span style=\"color: #008000;\">Project\u2019s active participants:<\/span><br \/>\n<span style=\"color: #008000;\"> R\u00e9ka Szil\u00e1gyi H. &#8211; Chairman- EuroHungaricum Public Benefin Foundation<\/span><br \/>\n<span style=\"color: #008000;\"> Emese Bertalan &#8211; director &#8211; Hat\u00e1rok N\u00e9lk\u00fcl Kft, Hungary<\/span><br \/>\n<span style=\"color: #008000;\"> Gy\u00f6rk Hal\u00e1sz &#8211; managing director &#8211; Hat\u00e1rok N\u00e9lk\u00fcl Kft, Hungary<\/span><br \/>\n<span style=\"color: #008000;\"> Bogl\u00e1rka E\u0151ryn\u00e9 &#8211; managing director &#8211; Without Frontiers SRO \u2013 Slovak Republic<\/span><br \/>\n<span style=\"color: #008000;\"> Katalin Zelnik- r. assistant professor &#8211; Corvinus University of Horticulture<\/span><\/p>\n","protected":false},"excerpt":{"rendered":"<p>ENVIRONMENTAL MANAGEMENT CENTRE &#8211; RENEWABLE ENERGY PARK ESTABLISHMENT \u00a0 Location: Hungary \u2013 Hatvan \u2013 140 Hegyalja street Objective: Establishment of a demonstration park in the middle of Europe displaying environment conform technologies, innovations of the world aiming at universalizing the utilisation of environmental management, environment conform technologies and renewable energy sources- using practise oriented methods &hellip; <\/p>\n<p class=\"link-more\"><a href=\"https:\/\/www.ecocenter.hu\/en\/ecocenter-park-hatvan\" class=\"more-link\">Read more<span class=\"screen-reader-text\"> &#8220;Ecocenter Park Hatvan&#8221;<\/span><\/a><\/p>\n","protected":false},"author":2,"featured_media":0,"parent":0,"menu_order":0,"comment_status":"open","ping_status":"open","template":"","meta":{"om_disable_all_campaigns":false,"_monsterinsights_skip_tracking":false,"_monsterinsights_sitenote_active":false,"_monsterinsights_sitenote_note":"","_monsterinsights_sitenote_category":0,"footnotes":""},"class_list":["post-346","page","type-page","status-publish","hentry"],"aioseo_notices":[],"_links":{"self":[{"href":"https:\/\/www.ecocenter.hu\/en\/wp-json\/wp\/v2\/pages\/346","targetHints":{"allow":["GET"]}}],"collection":[{"href":"https:\/\/www.ecocenter.hu\/en\/wp-json\/wp\/v2\/pages"}],"about":[{"href":"https:\/\/www.ecocenter.hu\/en\/wp-json\/wp\/v2\/types\/page"}],"author":[{"embeddable":true,"href":"https:\/\/www.ecocenter.hu\/en\/wp-json\/wp\/v2\/users\/2"}],"replies":[{"embeddable":true,"href":"https:\/\/www.ecocenter.hu\/en\/wp-json\/wp\/v2\/comments?post=346"}],"version-history":[{"count":1,"href":"https:\/\/www.ecocenter.hu\/en\/wp-json\/wp\/v2\/pages\/346\/revisions"}],"predecessor-version":[{"id":347,"href":"https:\/\/www.ecocenter.hu\/en\/wp-json\/wp\/v2\/pages\/346\/revisions\/347"}],"wp:attachment":[{"href":"https:\/\/www.ecocenter.hu\/en\/wp-json\/wp\/v2\/media?parent=346"}],"curies":[{"name":"wp","href":"https:\/\/api.w.org\/{rel}","templated":true}]}}