{"id":2408,"date":"2023-03-09T13:58:07","date_gmt":"2023-03-09T12:58:07","guid":{"rendered":"http:\/\/www.ecocenter.hu\/?page_id=2408"},"modified":"2023-03-09T14:35:55","modified_gmt":"2023-03-09T13:35:55","slug":"our-associates","status":"publish","type":"page","link":"https:\/\/www.ecocenter.hu\/en\/our-associates","title":{"rendered":"Our Associates"},"content":{"rendered":"\n<div class=\"munkatarsak\">\n  <div><img decoding=\"async\" src=\"http:\/\/www.ecocenter.hu\/wp-content\/uploads\/2023\/03\/Halasz-Gyork-2.jpg\"><br>Gy\u00f6rk Hal\u00e1sz<br>President<\/div>\n  <div><img decoding=\"async\" src=\"http:\/\/www.ecocenter.hu\/wp-content\/uploads\/2023\/03\/Varga-Viktoria-scaled.jpg\"><br>Vikt\u00f3ria Varga<br>Project manager<\/div>\n  <div><img decoding=\"async\" src=\"http:\/\/www.ecocenter.hu\/wp-content\/uploads\/2023\/03\/Haamza-Langer-Kinga.jpg\"><br>Kinga Hamza-Langer<br>Project coordinator<\/div>\n  <div><img decoding=\"async\" src=\"http:\/\/www.ecocenter.hu\/wp-content\/uploads\/2023\/03\/Kardos-Aniko.jpg\"><br>Anik\u00f3 Kardos<br>Tender officer<\/div>\n  <div><img decoding=\"async\" src=\"http:\/\/www.ecocenter.hu\/wp-content\/uploads\/2023\/03\/Zsombor-Eory.jpg\"><br>Zsombor E\u0151ry<br>Associate<\/div>\n<\/div>\n","protected":false},"excerpt":{"rendered":"<p>Gy\u00f6rk Hal\u00e1szPresident Vikt\u00f3ria VargaProject manager Kinga Hamza-LangerProject coordinator Anik\u00f3 KardosTender officer Zsombor E\u0151ryAssociate<\/p>\n","protected":false},"author":2,"featured_media":0,"parent":0,"menu_order":0,"comment_status":"closed","ping_status":"closed","template":"","meta":{"om_disable_all_campaigns":false,"_monsterinsights_skip_tracking":false,"_monsterinsights_sitenote_active":false,"_monsterinsights_sitenote_note":"","_monsterinsights_sitenote_category":0,"footnotes":""},"class_list":["post-2408","page","type-page","status-publish","hentry"],"aioseo_notices":[],"_links":{"self":[{"href":"https:\/\/www.ecocenter.hu\/en\/wp-json\/wp\/v2\/pages\/2408","targetHints":{"allow":["GET"]}}],"collection":[{"href":"https:\/\/www.ecocenter.hu\/en\/wp-json\/wp\/v2\/pages"}],"about":[{"href":"https:\/\/www.ecocenter.hu\/en\/wp-json\/wp\/v2\/types\/page"}],"author":[{"embeddable":true,"href":"https:\/\/www.ecocenter.hu\/en\/wp-json\/wp\/v2\/users\/2"}],"replies":[{"embeddable":true,"href":"https:\/\/www.ecocenter.hu\/en\/wp-json\/wp\/v2\/comments?post=2408"}],"version-history":[{"count":4,"href":"https:\/\/www.ecocenter.hu\/en\/wp-json\/wp\/v2\/pages\/2408\/revisions"}],"predecessor-version":[{"id":2424,"href":"https:\/\/www.ecocenter.hu\/en\/wp-json\/wp\/v2\/pages\/2408\/revisions\/2424"}],"wp:attachment":[{"href":"https:\/\/www.ecocenter.hu\/en\/wp-json\/wp\/v2\/media?parent=2408"}],"curies":[{"name":"wp","href":"https:\/\/api.w.org\/{rel}","templated":true}]}}