{"id":1670,"date":"2022-05-26T11:26:04","date_gmt":"2022-05-26T09:26:04","guid":{"rendered":"http:\/\/www.ecocenter.hu\/en\/?page_id=1670"},"modified":"2022-06-30T09:54:47","modified_gmt":"2022-06-30T07:54:47","slug":"green-change-cambio-verde","status":"publish","type":"page","link":"https:\/\/www.ecocenter.hu\/en\/green-change-cambio-verde","title":{"rendered":"Green Change &#8211; Cambio Verde"},"content":{"rendered":"\n<div class=\"wp-block-columns is-layout-flex wp-container-core-columns-is-layout-1 wp-block-columns-is-layout-flex\">\n<div class=\"wp-block-column is-layout-flow wp-block-column-is-layout-flow\">\n<figure class=\"wp-block-image size-medium is-resized\"><img loading=\"lazy\" decoding=\"async\" src=\"http:\/\/www.ecocenter.hu\/wp-content\/uploads\/2022\/05\/Green-Change-Logo-300x300.png\" alt=\"\" class=\"wp-image-1671\" width=\"225\" height=\"225\" srcset=\"https:\/\/www.ecocenter.hu\/wp-content\/uploads\/2022\/05\/Green-Change-Logo-300x300.png 300w, https:\/\/www.ecocenter.hu\/wp-content\/uploads\/2022\/05\/Green-Change-Logo-150x150.png 150w, https:\/\/www.ecocenter.hu\/wp-content\/uploads\/2022\/05\/Green-Change-Logo-768x768.png 768w, https:\/\/www.ecocenter.hu\/wp-content\/uploads\/2022\/05\/Green-Change-Logo.png 1000w\" sizes=\"auto, (max-width: 225px) 100vw, 225px\" \/><\/figure>\n<\/div>\n\n\n\n<div class=\"wp-block-column is-layout-flow wp-block-column-is-layout-flow\">\n<figure class=\"wp-block-image size-medium\"><img loading=\"lazy\" decoding=\"async\" width=\"300\" height=\"91\" src=\"http:\/\/www.ecocenter.hu\/wp-content\/uploads\/2022\/05\/GENTLY-Handbook.docx-300x91.png\" alt=\"\" class=\"wp-image-1659\" srcset=\"https:\/\/www.ecocenter.hu\/wp-content\/uploads\/2022\/05\/GENTLY-Handbook.docx-300x91.png 300w, https:\/\/www.ecocenter.hu\/wp-content\/uploads\/2022\/05\/GENTLY-Handbook.docx.png 430w\" sizes=\"auto, (max-width: 300px) 100vw, 300px\" \/><\/figure>\n<\/div>\n<\/div>\n\n\n\n<p>Programme Erasmus+ <\/p>\n\n\n\n<p>Action Type<strong> <\/strong>KA210-YOU &#8211; Small-scale partnerships in youth<\/p>\n\n\n\n<p><strong>Project ID:<\/strong> KA210-YOU-08CBBBF5<\/p>\n\n\n\n<p><strong>Project duration:<\/strong> 01-03-2022 &#8211; 01-06-2023 (15 months)<\/p>\n\n\n\n<p><strong>Total grant: <\/strong>60 000 EUR <\/p>\n\n\n\n<h2 class=\"has-medium-font-size wp-block-heading\">Partners<\/h2>\n\n\n\n<p>Ecocenter Alap\u00edtv\u00e1ny &#8211; Hungary<br>A ROCCA &#8211; Italy<br>Asociaci\u00f3n para la protecci\u00f3n del medio ambiente REACT de Valencia (REACTVLC) &#8211; Spain<\/p>\n\n\n\n<p><strong>DESCRIPTION<\/strong><br>Climate change and environmental degradation are an existential threat to Europe and the world. To overcome these challenges, the European Green Deal will transform the EU into a modern, resource-efficient and competitive economy.<br>Climate change is happening today, so we have to build a more resilient tomorrow. The world has just concluded the hottest decade on record during which the title for the hottest year was beaten eight times. These extremes range from forest fires and heat waves right above the Arctic Circle to devastating droughts in the Mediterranean region where 2 of the project partners are based, to forests decimated by unprecedented bark beetle outbreaks in Central and Eastern Europe where the third partner is based. All this is highlighted in the new EU Strategy on Adaptation to Climate Change COM(2021) 82 final. Furthermore, the severe effects of the COVID-19 pandemic on our health and socio-economic wellbeing are a warning of the dangers of insufficient preparation. While creating this project we were influenced by the Precious Plastic global project and its global community of youngsters working towards a solution to plastic pollution. Having in mind the estimate and indicators of the opportunities that could be created by directing youth work in the fields of recycling, upcycling as form of environment protection, the overall objective of this project is set to contribute to the environment.<\/p>\n\n\n\n<p><strong>SUMMARY:<\/strong><\/p>\n\n\n\n<p><br><strong>Objectives:<\/strong><br>The project seeks to address youth led European green transformation with creative and sustainable approach through art as a form of youth expression and intelligence. The main project methodology is to use the principles of recycling and upcycling of plastic within a digital format and raise the awareness of climate change through street-art form of community communication.<\/p>\n\n\n\n<p><br><strong>Implementation:<\/strong><br>The Specific objectives of the project are:<\/p>\n\n\n\n<ul class=\"wp-block-list\"><li>To pilot a framework for digitalization of youth work and promote the use of ICT in youth work<\/li><li>To strengthen the capacities of the partners in the field of green education and art.<\/li><li>To create a community of environmental learners, mentors and peer educators.<\/li><\/ul>\n\n\n\n<p>We are going to create a web platform that will unite the art and environment.<\/p>\n\n\n\n<p><br><strong>Results:<\/strong><\/p>\n\n\n\n<ul class=\"wp-block-list\"><li>At least 70 youth workers trained on green street art.<\/li><li>At least 120 workshops implemented in Spain, Italy and Hungary on the topic of the project.<\/li><li>Web platform that could be exploited in everyday youth work.<\/li><li>Increased digital competences of 70 youth workers.<\/li><li>3 online courses ready to be used for workshops in a digital format.<\/li><li>Increased quality of the work of youth workers with a European dimension.<\/li><\/ul>\n\n\n\n<p class=\"has-small-font-size\"><strong>This project has been funded with support from the European Commission. This publication reflects the views only of the author, and the Commission cannot be held responsible for any use which may be made of the information contained therein.<\/strong><\/p>\n","protected":false},"excerpt":{"rendered":"<p>Programme Erasmus+ Action Type KA210-YOU &#8211; Small-scale partnerships in youth Project ID: KA210-YOU-08CBBBF5 Project duration: 01-03-2022 &#8211; 01-06-2023 (15 months) Total grant: 60 000 EUR Partners Ecocenter Alap\u00edtv\u00e1ny &#8211; HungaryA ROCCA &#8211; ItalyAsociaci\u00f3n para la protecci\u00f3n del medio ambiente REACT de Valencia (REACTVLC) &#8211; Spain DESCRIPTIONClimate change and environmental degradation are an existential threat to &hellip; <\/p>\n<p class=\"link-more\"><a href=\"https:\/\/www.ecocenter.hu\/en\/green-change-cambio-verde\" class=\"more-link\">Read more<span class=\"screen-reader-text\"> &#8220;Green Change &#8211; Cambio Verde&#8221;<\/span><\/a><\/p>\n","protected":false},"author":2,"featured_media":0,"parent":0,"menu_order":0,"comment_status":"closed","ping_status":"closed","template":"","meta":{"om_disable_all_campaigns":false,"_monsterinsights_skip_tracking":false,"_monsterinsights_sitenote_active":false,"_monsterinsights_sitenote_note":"","_monsterinsights_sitenote_category":0,"footnotes":""},"class_list":["post-1670","page","type-page","status-publish","hentry"],"aioseo_notices":[],"_links":{"self":[{"href":"https:\/\/www.ecocenter.hu\/en\/wp-json\/wp\/v2\/pages\/1670","targetHints":{"allow":["GET"]}}],"collection":[{"href":"https:\/\/www.ecocenter.hu\/en\/wp-json\/wp\/v2\/pages"}],"about":[{"href":"https:\/\/www.ecocenter.hu\/en\/wp-json\/wp\/v2\/types\/page"}],"author":[{"embeddable":true,"href":"https:\/\/www.ecocenter.hu\/en\/wp-json\/wp\/v2\/users\/2"}],"replies":[{"embeddable":true,"href":"https:\/\/www.ecocenter.hu\/en\/wp-json\/wp\/v2\/comments?post=1670"}],"version-history":[{"count":6,"href":"https:\/\/www.ecocenter.hu\/en\/wp-json\/wp\/v2\/pages\/1670\/revisions"}],"predecessor-version":[{"id":1702,"href":"https:\/\/www.ecocenter.hu\/en\/wp-json\/wp\/v2\/pages\/1670\/revisions\/1702"}],"wp:attachment":[{"href":"https:\/\/www.ecocenter.hu\/en\/wp-json\/wp\/v2\/media?parent=1670"}],"curies":[{"name":"wp","href":"https:\/\/api.w.org\/{rel}","templated":true}]}}