{"id":1087,"date":"2018-03-08T11:31:56","date_gmt":"2018-03-08T10:31:56","guid":{"rendered":"http:\/\/www.ecocenter.hu\/en\/az-eu-fejlesztese-az-online-innovacion-keresztul"},"modified":"2020-11-25T11:35:46","modified_gmt":"2020-11-25T10:35:46","slug":"az-eu-fejlesztese-az-online-innovacion-keresztul","status":"publish","type":"page","link":"https:\/\/www.ecocenter.hu\/en\/az-eu-fejlesztese-az-online-innovacion-keresztul","title":{"rendered":"EU Online &#8211;  Az EU fejleszt\u00e9se az online innov\u00e1ci\u00f3n kereszt\u00fcl"},"content":{"rendered":"<p><a href=\"http:\/\/www.ecocenter.hu\/wp-content\/uploads\/2018\/03\/eu-online-logo.jpg\"><img loading=\"lazy\" decoding=\"async\" class=\"alignnone size-medium wp-image-1099\" src=\"http:\/\/www.ecocenter.hu\/wp-content\/uploads\/2018\/03\/eu-online-logo-300x62.jpg\" alt=\"\" width=\"300\" height=\"62\" srcset=\"https:\/\/www.ecocenter.hu\/wp-content\/uploads\/2018\/03\/eu-online-logo-300x62.jpg 300w, https:\/\/www.ecocenter.hu\/wp-content\/uploads\/2018\/03\/eu-online-logo.jpg 500w\" sizes=\"auto, (max-width: 300px) 100vw, 300px\" \/><\/a>\u00a0<a href=\"http:\/\/www.ecocenter.hu\/wp-content\/uploads\/2020\/11\/eu-log\u00f3_magyar.png\"><img loading=\"lazy\" decoding=\"async\" class=\"alignnone  wp-image-1279\" src=\"http:\/\/www.ecocenter.hu\/wp-content\/uploads\/2020\/11\/eu-log\u00f3_magyar-300x61.png\" alt=\"eu-logo_magyar\" width=\"241\" height=\"49\" srcset=\"https:\/\/www.ecocenter.hu\/wp-content\/uploads\/2020\/11\/eu-log\u00f3_magyar-300x61.png 300w, https:\/\/www.ecocenter.hu\/wp-content\/uploads\/2020\/11\/eu-log\u00f3_magyar.png 496w\" sizes=\"auto, (max-width: 241px) 100vw, 241px\" \/><\/a><\/p>\n<p>EU Online &#8211; Az EU fejleszt\u00e9se az online innov\u00e1ci\u00f3n kereszt\u00fcl<br \/>\n2015-1-LV01-KA204-013388<br \/>\nA projekt 2015. szeptember\u00e9ben kezd\u0151d\u00f6tt, v\u00e1rhat\u00f3 befejez\u00e9se 2018. j\u00falius.<\/p>\n<p>&nbsp;<\/p>\n<p>\u201c<strong>Az EU fejleszt\u00e9se az online innov\u00e1ci\u00f3n kereszt\u00fcl<\/strong>\u201d\u00a0 projekt c\u00e9lja, hogy a r\u00e9sztev\u0151 partner orsz\u00e1gokban felm\u00e9rje \u00e9s elemezze\u00a0 a munkaer\u0151piaci ig\u00e9nyeket annak \u00e9rdek\u00e9ben, hogy azonos\u00edtani lehessen a felt\u00f6rekv\u0151 \u00e1ll\u00e1sokat \u00e9s a feln\u0151tt tanul\u00f3k ig\u00e9nyeit annak \u00e9rdek\u00e9ben, hogy egy nemzetk\u00f6zi jelent\u00e9st k\u00e9sz\u00edts\u00fcnk a k\u00e9pz\u00e9si ig\u00e9nyekr\u0151l; hogy az ig\u00e9nyeknek megfelel\u0151en l\u00e9trehozzunk 7 digit\u00e1lis online oktat\u00e1si anyagot; hogy fejlessz\u00fck a feln\u0151ttoktat\u00e1s k\u00e9pz\u00e9seit \u00e9s azok tartalm\u00e1t, hogy kreat\u00edv \u00e9s kritikus gondolkod\u00e1si strat\u00e9gi\u00e1kat biztos\u00edtsunk az oktat\u00f3knak \u00e9s l\u00e9trehozni egy olyan anyagot, mely tartalmazza, hogy hogyan lehet fejleszteni az al\u00e1bbi t\u00e9m\u00e1kat a feln\u0151ttoktat\u00e1s ter\u00fclet\u00e9n:<\/p>\n<p>&#8211; Kreativit\u00e1s \u00e9s innov\u00e1ci\u00f3 a feln\u0151ttk\u00e9pz\u00e9sben<br \/>\n&#8211; Later\u00e1lis gondolkod\u00e1s \u00e9s \u00f6nfejleszt\u00e9si k\u00e9pz\u00e9sek szervez\u00e9se a feln\u0151ttoktat\u00e1sban<br \/>\n&#8211; A feln\u0151ttk\u00e9pz\u00e9si szervezetek menedzsmentje<br \/>\n&#8211;\u00a0 Fenntarthat\u00f3s\u00e1g a feln\u0151ttk\u00e9pz\u00e9sben<br \/>\n&#8211; Az \u00e9lethosszig tart\u00f3 tanul\u00e1s sz\u00fcks\u00e9gess\u00e9ge a feln\u0151ttoktat\u00e1sban<br \/>\n&#8211; Interakt\u00edv m\u00f3dszerek alkalmaz\u00e1sa a feln\u0151ttk\u00e9pz\u00e9sben<\/p>\n<p>&nbsp;<\/p>\n<p>A projektben r\u00e9sztvev\u0151 partnerorsz\u00e1gok: Lettorsz\u00e1g, Ciprus, Spanyolorsz\u00e1g, Bulg\u00e1ria, Olaszorsz\u00e1g, T\u00f6r\u00f6korsz\u00e1g \u00e9s Magyarorsz\u00e1g.<\/p>\n<p>&nbsp;<\/p>\n<p>A t\u00e1voktat\u00e1s egyik legfontosabb c\u00e9lkit\u0171z\u00e9se, hogy biztos\u00edtsa az oktat\u00e1st <strong>azon szem\u00e9lyek sz\u00e1m\u00e1ra is, akik nem tudnak r\u00e9szt venni a form\u00e1lis\u00a0 oktat\u00e1sban vagy feln\u0151ttk\u00e9pz\u00e9sben <\/strong>olyan akad\u00e1lyok miatt, mint a fogyat\u00e9koss\u00e1g, id\u0151beli-, helyi korl\u00e1tok vagy munkak\u00f6r\u00fclm\u00e9nyek miatt. Az alap\u00f6tlet a fizikai t\u00e9r \u00e9s id\u0151 <strong>hat\u00e1rainak elt\u00e1vol\u00edt\u00e1sa.<\/strong> Ezeknek a tanul\u00f3knak sz\u00f3l a projektbe tervezett innov\u00e1ci\u00f3, mely egy nagyon fontos sz\u00fcks\u00e9glet sz\u00e1mukra. Elemezve a tanul\u00f3k sz\u00fcks\u00e9gleteit \u00e9s ig\u00e9nyeit tudunk prioriz\u00e1lni \u00e9s \u00fagy szervezni az oktat\u00e1st, ahogyan az nekik a legmegfelel\u0151bb id\u0151ben \u00e9s t\u00e9rben.<\/p>\n<p><a href=\"http:\/\/adultcourses.eu\/login\/signup.php\">http:\/\/adultcourses.eu\/login\/signup.php<\/p>\n<p><\/a><\/p>\n<h6>A projekt az Eur\u00f3pai Bizotts\u00e1g t\u00e1rsfinansz\u00edroz\u00e1s\u00e1ban val\u00f3sul meg.<br \/>\nA weboldal kiz\u00e1r\u00f3lag a szerz\u0151 \u00e1ll\u00e1spontj\u00e1t t\u00fckr\u00f6zi, \u00e9s a Bizotts\u00e1g nem vonhat\u00f3 felel\u0151ss\u00e9gre az oldalon tal\u00e1lhat\u00f3 inform\u00e1ci\u00f3k b\u00e1rminem\u0171 felhaszn\u00e1l\u00e1s\u00e1\u00e9rt.<\/h6>\n<p><a href=\"http:\/\/adultcourses.eu\/login\/signup.php\">\u00a0<\/a><\/p>\n","protected":false},"excerpt":{"rendered":"<p>\u00a0 EU Online &#8211; Az EU fejleszt\u00e9se az online innov\u00e1ci\u00f3n kereszt\u00fcl 2015-1-LV01-KA204-013388 A projekt 2015. szeptember\u00e9ben kezd\u0151d\u00f6tt, v\u00e1rhat\u00f3 befejez\u00e9se 2018. j\u00falius. &nbsp; \u201cAz EU fejleszt\u00e9se az online innov\u00e1ci\u00f3n kereszt\u00fcl\u201d\u00a0 projekt c\u00e9lja, hogy a r\u00e9sztev\u0151 partner orsz\u00e1gokban felm\u00e9rje \u00e9s elemezze\u00a0 a munkaer\u0151piaci ig\u00e9nyeket annak \u00e9rdek\u00e9ben, hogy azonos\u00edtani lehessen a felt\u00f6rekv\u0151 \u00e1ll\u00e1sokat \u00e9s a feln\u0151tt tanul\u00f3k ig\u00e9nyeit &hellip; <\/p>\n<p class=\"link-more\"><a href=\"https:\/\/www.ecocenter.hu\/en\/az-eu-fejlesztese-az-online-innovacion-keresztul\" class=\"more-link\">Read more<span class=\"screen-reader-text\"> &#8220;EU Online &#8211;  Az EU fejleszt\u00e9se az online innov\u00e1ci\u00f3n kereszt\u00fcl&#8221;<\/span><\/a><\/p>\n","protected":false},"author":2,"featured_media":0,"parent":0,"menu_order":0,"comment_status":"closed","ping_status":"closed","template":"","meta":{"om_disable_all_campaigns":false,"_monsterinsights_skip_tracking":false,"_monsterinsights_sitenote_active":false,"_monsterinsights_sitenote_note":"","_monsterinsights_sitenote_category":0,"footnotes":""},"class_list":["post-1087","page","type-page","status-publish","hentry"],"aioseo_notices":[],"_links":{"self":[{"href":"https:\/\/www.ecocenter.hu\/en\/wp-json\/wp\/v2\/pages\/1087","targetHints":{"allow":["GET"]}}],"collection":[{"href":"https:\/\/www.ecocenter.hu\/en\/wp-json\/wp\/v2\/pages"}],"about":[{"href":"https:\/\/www.ecocenter.hu\/en\/wp-json\/wp\/v2\/types\/page"}],"author":[{"embeddable":true,"href":"https:\/\/www.ecocenter.hu\/en\/wp-json\/wp\/v2\/users\/2"}],"replies":[{"embeddable":true,"href":"https:\/\/www.ecocenter.hu\/en\/wp-json\/wp\/v2\/comments?post=1087"}],"version-history":[{"count":7,"href":"https:\/\/www.ecocenter.hu\/en\/wp-json\/wp\/v2\/pages\/1087\/revisions"}],"predecessor-version":[{"id":1293,"href":"https:\/\/www.ecocenter.hu\/en\/wp-json\/wp\/v2\/pages\/1087\/revisions\/1293"}],"wp:attachment":[{"href":"https:\/\/www.ecocenter.hu\/en\/wp-json\/wp\/v2\/media?parent=1087"}],"curies":[{"name":"wp","href":"https:\/\/api.w.org\/{rel}","templated":true}]}}