{"id":785,"date":"2015-04-20T14:54:16","date_gmt":"2015-04-20T12:54:16","guid":{"rendered":"http:\/\/www.ecocenter.hu\/?page_id=785"},"modified":"2015-04-20T14:54:16","modified_gmt":"2015-04-20T12:54:16","slug":"ileap-project","status":"publish","type":"page","link":"http:\/\/www.ecocenter.hu\/en\/ileap-project","title":{"rendered":"ILEAP project"},"content":{"rendered":"<p style=\"text-align: center;\"><span style=\"color: #008000;\"><strong>Interactive Learning of Energetic Utilisation of Agricultural Products and By-products<\/strong><\/span><\/p>\n<p style=\"text-align: center;\"><span style=\"color: #008000;\"><strong> HU\/05\/B\/F\/PP-170012<\/strong><\/span><\/p>\n<p><span style=\"color: #008000;\">\u00a0<strong><span style=\"text-decoration: underline;\">Project Introduction<\/span><\/strong><strong><br \/>\n<\/strong>Researches and experiments have been carried out on bioenergy production all over the world for the utilisation of renewable sources. The industrial utilization of biomass has become a practise all over Europe, a considerable amount of GDP in European countries comes from this sector. Energetic utilisation of agricultural products and by-products is important for the future development of agriculture as well. Restructuring the agricultural production scale to make a shift towards alternative solutions is one of the best ways to enhance regional productivity.<\/span><\/p>\n<p><span style=\"color: #008000;\">Although there were courses, modules in the frame of university education, that partially meet certain expectations (e.g: waste-management, technology) in different EC member countries, there was no certified e-learning training and education program offered with a special focus devoted to Energetic Utilisation of Agricultural Products and By-products.<\/span><\/p>\n<p><span style=\"color: #008000;\">The main aim of this project was to develop a certified e-learning training and education program and guidelines that includes e-learning elements through a step by step procedure, based on the experience of different partners, to support target group in their professional advancement.<\/span><\/p>\n<p><span style=\"color: #008000;\">The project was financed by the Leonardo da Vinci Community vocational training action programme, the project was coordinated by Hat\u00e1rok N\u00e9lk\u00fcl Kft (Without Frontiers Office) working together with partners from Romania, Hungary, Greece and Austria.<\/span><\/p>\n<p><span style=\"color: #008000;\"><strong>Target sector<\/strong><\/span><\/p>\n<p><span style=\"color: #008000;\">The targeted sector are all sectors engaged in agricultural processes that results in raw material for the energetic utilization of agricultural products and the newly emerging renewable energy market and industry, agribusiness and consultancy in general.<\/span><\/p>\n<p><span style=\"color: #008000;\">\u00a0<\/span><\/p>\n<p><span style=\"color: #008000;\"><strong>End-users<\/strong><\/span><\/p>\n<p><span style=\"color: #008000;\">We generally focus on educational institutions: Universities, Colleges, Vocational Schools; companies, NGO&#8217;s providing vocational training, or other form of education. There was existing vocational education on such waste management in Hungary previously (e.g. at Szent Istvan University), but such coherent covering the topic on energetic utilisation of agricultural products was missing.<\/span><br \/>\n<span style=\"color: #008000;\"><strong><span style=\"text-decoration: underline;\">The developed ILEAP-e-learning platform<\/span><\/strong><strong><br \/>\n<\/strong>The ILEAP e-learning platform provides a training material for those who intend to get knowledge and qualification in the energetic utilisation of agricultural products and by-products. The material and its platform has been elaborated by an international consortium in the frame of a Leonardo da Vinci programme. The project gathered international knowledge from Hungary, Greece, Austria and Romania.<\/span><\/p>\n<p><span style=\"color: #008000;\"> <strong>The target groups<\/strong><\/span><br \/>\n<span style=\"color: #008000;\"> <strong>1) Basic level<\/strong>: households, self-employed and small entrepreneur farmers seeking an alternative employment or utilisation of land.<\/span><\/p>\n<p><span style=\"color: #008000;\"><strong>2) Advanced level<\/strong>: concentrates on giving training with suitable information for energy and agribusiness professionals, consultants and actors responsible for sustainable energy planning at a local and national scale, mainly employed by municipalities, chambers, NGOs and associations also.<\/span><\/p>\n<table width=\"100%\">\n<tbody>\n<tr>\n<td>\n<table width=\"100%\">\n<tbody>\n<tr>\n<td><span style=\"color: #008000;\">Requirements:<\/span><\/p>\n<p><span style=\"color: #008000;\"><strong>A)<\/strong> <strong>Basic level:<\/strong> for those with secondary school exam, directly or indirectly engaged in the energetic utilization of agricultural products<\/span><br \/>\n<span style=\"color: #008000;\"> <strong>B)<\/strong> <strong>Advanced level<\/strong>: for those either with agricultural BSc degree or equivalent qualification or with some years of experience in agriculture or energy sector<\/span><\/td>\n<\/tr>\n<\/tbody>\n<\/table>\n<\/td>\n<\/tr>\n<\/tbody>\n<\/table>\n<p><span style=\"color: #008000;\"><strong>The structure of the courses<\/strong><\/span><\/p>\n<p><span style=\"color: #008000;\">Both course consists of 4 modules:<\/span><\/p>\n<ol>\n<li><span style=\"color: #008000;\">Agricultural skills<\/span><\/li>\n<li><span style=\"color: #008000;\">Technical skills<\/span><\/li>\n<li><span style=\"color: #008000;\">Management skills<\/span><\/li>\n<li><span style=\"color: #008000;\">Financial and legal skills<\/span><\/li>\n<\/ol>\n<p><span style=\"color: #008000;\"> Each of the modules includes 3-7 subjects (topics):<\/span><\/p>\n<table>\n<tbody>\n<tr>\n<td width=\"121\"><span style=\"color: #008000;\">TOPIC No.<\/span><\/td>\n<td width=\"486\"><span style=\"color: #008000;\">TOPIC NAME<\/span><\/td>\n<\/tr>\n<tr>\n<td width=\"121\"><span style=\"color: #008000;\">T1<\/span><\/td>\n<td width=\"486\"><span style=\"color: #008000;\">Agricultural Production I.<\/span><\/td>\n<\/tr>\n<tr>\n<td width=\"121\"><span style=\"color: #008000;\">T2<\/span><\/td>\n<td width=\"486\"><span style=\"color: #008000;\">Agricultural Production II.<\/span><\/td>\n<\/tr>\n<tr>\n<td width=\"121\"><span style=\"color: #008000;\">T3<\/span><\/td>\n<td width=\"486\"><span style=\"color: #008000;\">Applied Physics<\/span><\/td>\n<\/tr>\n<tr>\n<td width=\"121\"><span style=\"color: #008000;\">T4<\/span><\/td>\n<td width=\"486\"><span style=\"color: #008000;\">Applied Chemistry<\/span><\/td>\n<\/tr>\n<tr>\n<td width=\"121\"><span style=\"color: #008000;\">T5<\/span><\/td>\n<td width=\"486\"><span style=\"color: #008000;\">Agroeconomy<\/span><\/td>\n<\/tr>\n<tr>\n<td width=\"121\"><span style=\"color: #008000;\">T6<\/span><\/td>\n<td width=\"486\"><span style=\"color: #008000;\">Applied ecology<\/span><\/td>\n<\/tr>\n<tr>\n<td width=\"121\"><span style=\"color: #008000;\">T7<\/span><\/td>\n<td width=\"486\"><span style=\"color: #008000;\">Biomass Suitable for Energetic Utilisation<\/span><\/td>\n<\/tr>\n<tr>\n<td width=\"121\"><span style=\"color: #008000;\">T8<\/span><\/td>\n<td width=\"486\"><span style=\"color: #008000;\">Waste Handling, Management<\/span><\/td>\n<\/tr>\n<tr>\n<td width=\"121\"><span style=\"color: #008000;\">T9<\/span><\/td>\n<td width=\"486\"><span style=\"color: #008000;\">Safety, Safety Regulations<\/span><\/td>\n<\/tr>\n<tr>\n<td width=\"121\"><span style=\"color: #008000;\">T10<\/span><\/td>\n<td width=\"486\"><span style=\"color: #008000;\">Technology of the Energetic Utilisation of Agricultural Products and By-products<\/span><\/td>\n<\/tr>\n<tr>\n<td width=\"121\"><span style=\"color: #008000;\">T11<\/span><\/td>\n<td width=\"486\"><span style=\"color: #008000;\">Logistics of the Energetic Utilisation of Agricultural Products and By-products<\/span><\/td>\n<\/tr>\n<tr>\n<td width=\"121\"><span style=\"color: #008000;\">T12<\/span><\/td>\n<td width=\"486\"><span style=\"color: #008000;\">Computer Skills and Data processing<\/span><\/td>\n<\/tr>\n<tr>\n<td width=\"121\"><span style=\"color: #008000;\">T13<\/span><\/td>\n<td width=\"486\"><span style=\"color: #008000;\">Management and Organisational Skills<\/span><\/td>\n<\/tr>\n<tr>\n<td width=\"121\"><span style=\"color: #008000;\">T14<\/span><\/td>\n<td width=\"486\"><span style=\"color: #008000;\">Interpersonal and Communication Skills<\/span><\/td>\n<\/tr>\n<tr>\n<td width=\"121\"><span style=\"color: #008000;\">T15<\/span><\/td>\n<td width=\"486\"><span style=\"color: #008000;\">Career Development Planning<\/span><\/td>\n<\/tr>\n<tr>\n<td width=\"121\"><span style=\"color: #008000;\">T16<\/span><\/td>\n<td width=\"486\"><span style=\"color: #008000;\">Contract Models Legal Background<\/span><\/td>\n<\/tr>\n<tr>\n<td width=\"121\"><span style=\"color: #008000;\">T17<\/span><\/td>\n<td width=\"486\"><span style=\"color: #008000;\">National Energy Utilisation Policy, Trends, Support Schemes<\/span><\/td>\n<\/tr>\n<tr>\n<td width=\"121\"><span style=\"color: #008000;\">T18<\/span><\/td>\n<td width=\"486\"><span style=\"color: #008000;\">EC directives, Support Schemes, Programmes and Authorities<\/span><\/td>\n<\/tr>\n<tr>\n<td width=\"121\"><span style=\"color: #008000;\">T19<\/span><\/td>\n<td width=\"486\"><span style=\"color: #008000;\">Strategy, Planning and Marketing<\/span><\/td>\n<\/tr>\n<tr>\n<td width=\"121\"><span style=\"color: #008000;\">T20<\/span><\/td>\n<td width=\"486\"><span style=\"color: #008000;\">Development and Finance<\/span><\/td>\n<\/tr>\n<\/tbody>\n<\/table>\n<p><span style=\"color: #008000;\"><strong>\u00a0<\/strong><\/span><\/p>\n<p><span style=\"color: #008000;\"><strong>The course:<\/strong><\/span><\/p>\n<p><span style=\"color: #008000;\">Each of the modules includes 3-7 subjects. 4 weeks (basic level) and 2 weeks (advanced level) are available for learning each subject. After the last topic of each module there is a 2-week-long break for preparing for the module exam. In the middle of the courses (between the last topic of the second module and the module exam of the module) and before the final exam there are 4-week-long breaks. Through the modules the students can gain the relevant knowledge within the field of the energetic utilization of agricultural products and by-products ranging from technical, logistics knowledge through agricultural production to financial and legislative topics. After each module exam there is one week for the resit, except from the final exam, where there are 2 weeks for those who have failed the final exam.<\/span><\/p>\n<p><span style=\"color: #008000;\">\u00a0<\/span><\/p>\n<p><span style=\"color: #008000;\"><strong><span style=\"text-decoration: underline;\">The people who work\/teach in the courses:<\/span><\/strong><\/span><\/p>\n<p><span style=\"color: #008000;\">&#8211; the director<\/span><\/p>\n<p><span style=\"color: #008000;\">&#8211; the 4 module-heads (appointed by the director)<\/span><\/p>\n<p><span style=\"color: #008000;\">&#8211; the lecturers<\/span><\/p>\n<p><span style=\"color: #008000;\">&#8211; the ICT staff<\/span><\/p>\n<p><span style=\"color: #008000;\">&#8211; the administrative staff<\/span><\/p>\n","protected":false},"excerpt":{"rendered":"<p>Interactive Learning of Energetic Utilisation of Agricultural Products and By-products HU\/05\/B\/F\/PP-170012 \u00a0Project Introduction Researches and experiments have been carried out on bioenergy production all over the world for the utilisation of renewable sources. The industrial utilization of biomass has become a practise all over Europe, a considerable amount of GDP in European countries comes from &hellip; <\/p>\n<p class=\"link-more\"><a href=\"http:\/\/www.ecocenter.hu\/en\/ileap-project\" class=\"more-link\">Read more<span class=\"screen-reader-text\"> &#8220;ILEAP project&#8221;<\/span><\/a><\/p>\n","protected":false},"author":1,"featured_media":0,"parent":0,"menu_order":0,"comment_status":"open","ping_status":"open","template":"","meta":{"om_disable_all_campaigns":false,"_monsterinsights_skip_tracking":false,"_monsterinsights_sitenote_active":false,"_monsterinsights_sitenote_note":"","_monsterinsights_sitenote_category":0,"footnotes":""},"class_list":["post-785","page","type-page","status-publish","hentry"],"aioseo_notices":[],"_links":{"self":[{"href":"http:\/\/www.ecocenter.hu\/en\/wp-json\/wp\/v2\/pages\/785","targetHints":{"allow":["GET"]}}],"collection":[{"href":"http:\/\/www.ecocenter.hu\/en\/wp-json\/wp\/v2\/pages"}],"about":[{"href":"http:\/\/www.ecocenter.hu\/en\/wp-json\/wp\/v2\/types\/page"}],"author":[{"embeddable":true,"href":"http:\/\/www.ecocenter.hu\/en\/wp-json\/wp\/v2\/users\/1"}],"replies":[{"embeddable":true,"href":"http:\/\/www.ecocenter.hu\/en\/wp-json\/wp\/v2\/comments?post=785"}],"version-history":[{"count":1,"href":"http:\/\/www.ecocenter.hu\/en\/wp-json\/wp\/v2\/pages\/785\/revisions"}],"predecessor-version":[{"id":786,"href":"http:\/\/www.ecocenter.hu\/en\/wp-json\/wp\/v2\/pages\/785\/revisions\/786"}],"wp:attachment":[{"href":"http:\/\/www.ecocenter.hu\/en\/wp-json\/wp\/v2\/media?parent=785"}],"curies":[{"name":"wp","href":"https:\/\/api.w.org\/{rel}","templated":true}]}}