{"id":600,"date":"2015-03-31T17:35:21","date_gmt":"2015-03-31T15:35:21","guid":{"rendered":"http:\/\/www.ecocenter.hu\/?page_id=600"},"modified":"2015-03-31T17:35:21","modified_gmt":"2015-03-31T15:35:21","slug":"professionals-of-the-foundation","status":"publish","type":"page","link":"http:\/\/www.ecocenter.hu\/en\/professionals-of-the-foundation","title":{"rendered":"Professionals of the Foundation"},"content":{"rendered":"<p><span style=\"text-decoration: underline;\"><span style=\"font-size: large; color: #008000; text-decoration: underline;\">Cooperative Professionals<br \/>\n<\/span><\/span><\/p>\n<p><span style=\"color: #008000;\"><br \/>\n<\/span><\/p>\n<p>Dr.habil.habil D\u00e1vid L\u00f3r\u00e1nt D\u00e9nes, PhD. &#8211;<\/p>\n<p>Dr. Fogarassy Csaba, PhD. &#8211;<\/p>\n<p>Zelnik Katalin &#8211;<\/p>\n<p>Szil\u00e1gyi-Hal\u00e1sz R\u00e9ka &#8211;<\/p>\n<p>P\u00e1lfin\u00e9 dr. Ny\u00edr\u0151 Melinda &#8211;<\/p>\n<p><span style=\"color: #008000;\"><strong>Dr. Radn\u00f3ti Judit<\/strong> &#8211; Szem\u00e9sz szakorvos, Medical menedzser &#8211; szem\u00e9szet \u00e9s szervtranszplant\u00e1ci\u00f3 ter\u00fcleten<\/span><\/p>\n<p><span style=\"color: #008000;\"><strong>Duli Vikt\u00f3ria<\/strong> &#8211; dietetikus<\/span><\/p>\n<p><span style=\"color: #008000;\"><strong>V\u00e1nyi J\u00e1nos<\/strong> &#8211; Villamos-ipari m\u0171szaki tan\u00e1r\u00a0 \u00e9s\u00a0\u00c9p\u00edt\u0151ipari, villamos-ipari m\u0171szaki ellen\u0151r, felel\u0151s m\u0171szaki vezet\u0151<\/span><\/p>\n<p>T\u00f3th Katalin &#8211;<\/p>\n<p>dr. Kiss Krisztina &#8211;<\/p>\n<p>Hal\u00e1sz Gy\u00f6rk &#8211;<\/p>\n<p>&nbsp;<\/p>\n<p>&nbsp;<\/p>\n","protected":false},"excerpt":{"rendered":"<p>Cooperative Professionals Dr.habil.habil D\u00e1vid L\u00f3r\u00e1nt D\u00e9nes, PhD. &#8211; Dr. Fogarassy Csaba, PhD. &#8211; Zelnik Katalin &#8211; Szil\u00e1gyi-Hal\u00e1sz R\u00e9ka &#8211; P\u00e1lfin\u00e9 dr. Ny\u00edr\u0151 Melinda &#8211; Dr. Radn\u00f3ti Judit &#8211; Szem\u00e9sz szakorvos, Medical menedzser &#8211; szem\u00e9szet \u00e9s szervtranszplant\u00e1ci\u00f3 ter\u00fcleten Duli Vikt\u00f3ria &#8211; dietetikus V\u00e1nyi J\u00e1nos &#8211; Villamos-ipari m\u0171szaki tan\u00e1r\u00a0 \u00e9s\u00a0\u00c9p\u00edt\u0151ipari, villamos-ipari m\u0171szaki ellen\u0151r, felel\u0151s m\u0171szaki vezet\u0151 T\u00f3th &hellip; <\/p>\n<p class=\"link-more\"><a href=\"http:\/\/www.ecocenter.hu\/en\/professionals-of-the-foundation\" class=\"more-link\">Read more<span class=\"screen-reader-text\"> &#8220;Professionals of the Foundation&#8221;<\/span><\/a><\/p>\n","protected":false},"author":2,"featured_media":0,"parent":0,"menu_order":0,"comment_status":"open","ping_status":"open","template":"","meta":{"om_disable_all_campaigns":false,"_monsterinsights_skip_tracking":false,"_monsterinsights_sitenote_active":false,"_monsterinsights_sitenote_note":"","_monsterinsights_sitenote_category":0,"footnotes":""},"class_list":["post-600","page","type-page","status-publish","hentry"],"aioseo_notices":[],"_links":{"self":[{"href":"http:\/\/www.ecocenter.hu\/en\/wp-json\/wp\/v2\/pages\/600","targetHints":{"allow":["GET"]}}],"collection":[{"href":"http:\/\/www.ecocenter.hu\/en\/wp-json\/wp\/v2\/pages"}],"about":[{"href":"http:\/\/www.ecocenter.hu\/en\/wp-json\/wp\/v2\/types\/page"}],"author":[{"embeddable":true,"href":"http:\/\/www.ecocenter.hu\/en\/wp-json\/wp\/v2\/users\/2"}],"replies":[{"embeddable":true,"href":"http:\/\/www.ecocenter.hu\/en\/wp-json\/wp\/v2\/comments?post=600"}],"version-history":[{"count":1,"href":"http:\/\/www.ecocenter.hu\/en\/wp-json\/wp\/v2\/pages\/600\/revisions"}],"predecessor-version":[{"id":601,"href":"http:\/\/www.ecocenter.hu\/en\/wp-json\/wp\/v2\/pages\/600\/revisions\/601"}],"wp:attachment":[{"href":"http:\/\/www.ecocenter.hu\/en\/wp-json\/wp\/v2\/media?parent=600"}],"curies":[{"name":"wp","href":"https:\/\/api.w.org\/{rel}","templated":true}]}}