{"id":578,"date":"2012-03-28T14:14:31","date_gmt":"2012-03-28T12:14:31","guid":{"rendered":"http:\/\/www.ecocenter.hu\/?page_id=578"},"modified":"2020-12-02T12:38:22","modified_gmt":"2020-12-02T11:38:22","slug":"partnerek","status":"publish","type":"page","link":"http:\/\/www.ecocenter.hu\/en\/partnerek","title":{"rendered":"Partners"},"content":{"rendered":"<table border=\"0\">\n<tbody>\n<tr>\n<td><a href=\"http:\/\/www.ecocenter.hu\/wp-content\/uploads\/2012\/09\/Eszterh\u00e1zy-K.-f\u0151iskola.jpg\"><img loading=\"lazy\" decoding=\"async\" class=\"wp-image-706 alignleft\" title=\"Eszterh\u00e1zy K. f\u0151iskola\" src=\"http:\/\/www.ecocenter.hu\/wp-content\/uploads\/2012\/09\/Eszterh\u00e1zy-K.-f\u0151iskola.jpg\" alt=\"\" width=\"69\" height=\"81\" \/><\/a><\/td>\n<td><a title=\"Eszterh\u00e1zy K\u00e1roly F\u0151iskola - EGER\" href=\"http:\/\/uni-eger.hu\/\" target=\"_blank\">Esztherh\u00e1zy K\u00e1roly University of Applied Sciences<\/a><\/td>\n<td><\/td>\n<\/tr>\n<tr>\n<td><a href=\"http:\/\/www.ecocenter.hu\/wp-content\/uploads\/2012\/09\/K\u00e1roly-r\u00f3bert-f\u0151iskola.jpg\"><img loading=\"lazy\" decoding=\"async\" title=\"K\u00e1roly r\u00f3bert f\u0151iskola\" src=\"http:\/\/www.ecocenter.hu\/wp-content\/uploads\/2012\/09\/K\u00e1roly-r\u00f3bert-f\u0151iskola.jpg\" alt=\"\" width=\"87\" height=\"56\" \/><\/a><\/td>\n<td><a title=\"K\u00e1roly R\u00f3bert F\u0151iskola\" href=\"http:\/\/honlap.karolyrobert.hu\/\" target=\"_blank\">K\u00e1roly R\u00f3bert University Collage<\/a><\/td>\n<td><\/td>\n<\/tr>\n<tr>\n<td><a href=\"http:\/\/www.ecocenter.hu\/wp-content\/uploads\/2012\/09\/szie_-_szent_istvan_egyetem_0.gif\"><img loading=\"lazy\" decoding=\"async\" title=\"szie_-_szent_istvan_egyetem_0\" src=\"http:\/\/www.ecocenter.hu\/wp-content\/uploads\/2012\/09\/szie_-_szent_istvan_egyetem_0-300x202.gif\" alt=\"\" width=\"83\" height=\"56\" \/><\/a><\/td>\n<td><a title=\"Szent Istv\u00e1n Egyetem\" href=\"https:\/\/szie.hu\/\/\" target=\"_blank\">Szent Istv\u00e1n University<\/a><\/td>\n<td><\/td>\n<\/tr>\n<tr>\n<td><a title=\"Budapesti M\u0171szaki \u00c9s Gazdas\u00e1gtudom\u00e1nyi Egyetem Gazdas\u00e1g- \u00e9s T\u00e1rsadalomtudom\u00e1nyi Kar Idegennyelvi K\u00f6zpont - University of Technology and Economics, Faculty of Economic and Social Sciences, Centre of Modern Languages\" href=\"http:\/\/www.ecocenter.hu\/hun\/http.\/\/www.nyi.bme.hu\" target=\"_blank\"><img loading=\"lazy\" decoding=\"async\" id=\"rg_hi\" src=\"data:image\/jpeg;base64,\/9j\/4AAQSkZJRgABAQAAAQABAAD\/2wCEAAkGBhQQEBUUEBQWFBUWFhoVGRYYFxkeHRwgHBcZHB0cGRkcJyYgGCAjHyAYIC8gJCkrLCwtICIxNTAqNScrLCsBCQoKBQUFDQUFDSkYEhgpKSkpKSkpKSkpKSkpKSkpKSkpKSkpKSkpKSkpKSkpKSkpKSkpKSkpKSkpKSkpKSkpKf\/AABEIAH8BjAMBIgACEQEDEQH\/xAAcAAEAAwADAQEAAAAAAAAAAAAABQYHAgMEAQj\/xABIEAACAQMCBAIGBQoFAgQHAAABAgMABBEFEgYTITEiQQcUUVRhkxUWIzLRF0JVcYGRlaHS4SQzYnJ0sbI0UrTBJTVDc4Kks\/\/EABQBAQAAAAAAAAAAAAAAAAAAAAD\/xAAUEQEAAAAAAAAAAAAAAAAAAAAA\/9oADAMBAAIRAxEAPwDcaUpQKUpQKUpQKUpQKUpQKUpQKUpQKUpQKUpQKUpQKUpQKUpQKUpQKUpQKUpQKUpQKUpQKUpQKUpQKUpQKUpQKUpQKUpQKUpQKUpQKUpQKUpQKVSfSxxU+n2IeCQRzNKgQEAlgGy4wfLHQn44z1FZZD6a9QeSMSSRonMQuyxDO0OC3cnoRnPTNB+iaVwhmV1DIQysAQwOQQeoII7gjzrnQKUpQKUpQKUpQKUpQKUpQKqXHevC2k09d5UyXsake1drK2fhlk\/lVtr89enHXudqQiQ9LZAuR5O+HY\/sHLH6waD9C0qH4Q1v12xguPOSMFvgw6OP2MGFcuJ+JYdPtmnuDhR0AHdmOcKo9pwf1DJPQGg8Wq8ZJbahDay7UWWF5eazhQCpAC9enXr5+ypD60WnvUHzo\/xr8u8UcSy6jctPcHqeiqM7UUdlXPkP5kk+dROKD9cfWi096g+dH+NPrRae9QfOj\/GvyPimKD9TcR8eW1rayzRywzNGhZY1mTLHyHQk\/uBqd0+65sUcmMb0V8ezcoOP51+PMVsvoc9JX3LC7b2LBISf2RE\/9p\/\/AB9lBs1VL0ia8LSO1YuUD3sCsR\/5QxZ8\/DA61bawL09a5zb2O3U+GCPLf75ME\/uQJ+80G+CvtV\/gLXfXdOt5icsUCv8A708LfvIJ\/aKsFApSlApSlApSlApSlApSlApSs59L\/HEunLbC1lVZWdmZCA2UCkeIeQ3EeYyR8DQaNSsE4b9Md5NfWyXUsUcJlAkIQKCCpA3E5wMkHPTHfPSt7oFKUoFKUoFKUoFQWt8aWtnKI7iQoShkztYqB4sbmAwpbZJtB7lSB1xmdrJfSTBDPczQzyhN8unJ1dQVQyTh2UN0wokYk4wM5NBmHGfFMuq3bzEHYqnYg67IwfP45OWPtPsxUBFEzsFQFmPYAZJ\/UKulrotrDbyOJ1d5LK98JkTo8dxGsQAGCS65bBzny6VK2XCdjbXkbLdrIq3fJ8UsWNhsebvJXH\/1DsznHTHeg9Xoq9KqWkJtr5m5a9YXCsxGT1jwoJxnqp8uo7YrQH9MWmqSrzOjA4ZWgmBUjoVYbehByCKxm24ZtFSF\/WAW9Xs52QvH9+W5CSxnHUbEy2O47npXo1vgya81GV7flmK5u7kRSGQFSU5kj\/d3EDAbBxg9KDXPyzaX7w3yZv6aflm0v3hvkzf01hcHA1y0ayFURHtpLxCzjxRxqrNgLkhsMuAcV9n4Fuo1dpFRNkCXOC4JKO+wFduRnPkSKDc\/yzaX7w3yZv6aflm0v3hvkzf01iE3o8u0MquqK8TwRlN4JJuG2x7SMr375YYr5L6PrtGZWVBIk8VuY9653zJuTBHhxjHXd0zQbh+WbS\/eG+TN\/TT8s2l+8N8mb+msQT0e3bFVVEMjXElrs3rnfHHzGyT4cbc9d3cY9lcx6OLwmJVRC80k8SoJFyGgYrJuJwo6g4IJzig2z8s2l+8N8mb+mn5ZtL94b5M39NYlF6Orx1jMaI\/Mha4wJFBCK207t2BnOOgJr5P6PLxUZwqOiW0d25WRfDHIrkZDYJbCPkDPb40G3flm0v3hvkzf00\/LNpfvDfJm\/prE9T9HF5b84sqMsDIkjrIMAyBCoAOGP316ge2vo9G14ZWQCMhbkWhk3jbzCFP+\/GCOu2g2DUfSlbXfLttOuCJ55UiD8pxy1J8TjeApIAwAfMg46VlMnAd7euZ3ktt8z7yGnRWLSM+PB5bij7R5hTjsacO8NXFneW8sg2YlcQkIZBI8TOrqAhBGNrHqR061erKGSMJmEOyFCHNtcZzGZdhwJgPDzZPLz656UEbwPrE2kRZuZ0NpHciF0jxIuJ7fniVHUZbry8AdMM\/wqp8WcS3Wu3Z5UUjqgPKhjVmKrnqzBc+I9Mn9Q8qtd5aSRJhIlZfWIZY4GtZdrNFAII4ctI3RgB1bPXzxU7pXrVvPJcRWqxtLHHGUWwlCrsLk7drjuW6+3avsoMKkQqSrAqQSCCMEEdCCD2Ir03ukTQKjTQyRrIMozoyhhgHKkgZ7jt7a2K90qabnl7Vd08qzFvo6QlSojBVSX7NsyfaXb217dde6vBCJoMiGVZQPUJiDtBG0gyHwkHqKDEdO0ee43erwyS7BublozbR7TgHHY\/uNeMde3Wt70R7qzacw24XnS80gWEwC+BUCrtkHhG0nHtZvbUWugSgLi2AK3Rug30dJnJkZ+Xnf9wZwB7AKDI9R0ma2YLcRSQsRuAkRlJHtAOM1ytNHnkieaKKR44vvyKrFV7Hqw7YGD8B1rb9VkurmWGSa2VzCWIDafKwO5SpB3SHp5\/rArlpVxdW0LQx2y7HeV2X1CYA8x2YqQJMEAHYP9IAoIXhP0sSXFqlm7lbx5YrdJsbiVdwrSHPTmIufvdGO0+0VUrjga91CaWcy27O8rBi8yoxPOeFTs\/NDOhVR54wKsrWk1stnF6siCF4ytybJ1keSM5VG8WW3gEk5HapHTIpYAfsg7F+YWa1nzkXElwgwJsYR3bHTr55oIngu\/uNGjLTzRm1WeHckZEistwjZkV1GTt2IwAyDl\/aDV9\/LNpfvDfJm\/prPeJ7FvU5Iz9jETAqgW02AYgUjQMZGPiLYyQaqb+ju8VSWRVYTxW\/LLjdvlRWQf+UDDLkk9CfgaDbvyzaX7w3yZv6aflm0v3hvkzf01h8Xo+u3ZERELvLNAE3rkNB9\/JOFx3wQTnFdll6N7yZYTCiOZlldVEiggQyLG+7dgDxMuME5oNs\/LNpfvDfJm\/pp+WbS\/eG+TN\/TWIH0e3ZjV0VHU2y3hw48MbbsZ3Y8XhPQZrld+jm8jEh2oyxRxyuyyLhVkBK\/ewSehzgGg238s2l+8N8mb+mn5ZtL94b5M39NYpf+ja8hMu5UKxTR27Osg275OVtwDhiPtY+u3pk+yvj+je8WUIVTBuRab9428wjP+7bjrnb\/AD6UG2flm0v3hvkzf00\/LNpfvDfJm\/prEbL0d3cphwqKk8zwRyM42lk5mcgZcD7N+pX2e2uq04FupBE21FWaOWWNmcYKwrl+i5IPbAIGaDc\/yzaX7w3yZv6aflm0v3hvkzf01hf1HuRGXdURRaG9GXB3RDb2258XiHQ4rtufR7dxc3mqiNEsLFS4JInlMce0rlfvA5yRgUG2XXpm09Y2dXlcYYKeTKAzAA8sMygBsFe\/QBgawLX9Zmv55bmbJJIzgHagPRFHsA7D29T3Jq4WPC8Rgt7K+lWCRb645uJY8oPVFYHqSoBKIuf2d66LTh+0WAx+sKefHprljJHlDLOwmAHbwL1O4Er3NBRY4i2doJwCxwM4A7k\/Ae2tr9GXpXjFoYL1mMkIVYyqs7yqSFVQoyWdSQPiMHyY1T24es7ZZmjuFlLW2pKAZI+hhkEcONuMmRfFj87y6V6dH4es7XUomW6V1ivLdQWkjwVa3aVnJXH3ZAq57eR60G\/WV4k0aSRtuSRQ6sPNWAIPX2giu6q\/wA3\/AMLtMHIEKgHOeg6Dr+oAVYKBSlKBSlKBWR8ZQP8ASzCNImDT6ezcwkeIC5KjIVsKeWN2P\/KOhya1ysw4mXOsY9s+nD966hQQ2uaqbyIzQJaGNrO8jLRmUdA9sGOHiUhxuG3p2Y9R0zKX+qvPcRRxR2PMtrrluqGXAZre4G1y0QDLgP1XPiUfs8D8PxWVkIre4Fynql+3MXbjO+zBHhJHQj21Ltw7DbXzyxXAmee\/VpIxtzEeReMFOCT13+YHagrMusFtJS3CWnMS0trjoZObt3xFWP2ewsSUyu49D5iuMVlsW4ubmVIFTULmNSLueNVckqwiSOJvzdw3dCVHUDFc24eiXTvWxcAzNpdtGbfw5C5twH77sEr7Mda9l3wrFf2tzz7pLRI9WvG3yAYJL4AyWUA\/toOGrcPR2kMLXE6JE8ZhizqFyVMbqu5UAhOEKhM\/m4xnyrnrfDaQNGl3OimdVhQNqNydyBgVX\/JOEDEYz4cmpvjrgOG4srKKa+jt1t0ESyOq4kJjRRjLqBnZnGT3+FfOPPR7FdPZiW9jtzHGIEV1XMpBX7oLr17dBnvQRGp8PCK6SG4nVZ5zGyq2o3W5ijfZEnk4BDZ25Pft1r5ccPAXot3nX1p2SbYdRutxZF8DE8nG8KOmTnHarBxbwRFc6vbXL3kcMi8rZAyruk5Uhc7cuCc5x0U4+NfL7gmJteS7N7GsuVkFqQu8hYtmR4846E52+R9lBAxcOj102yzr60rGbYNRutwZkwzZ5ON5Q9eudp69K+2Ogc26aCG4DXEBdyo1G63IXP2hB5OMlm8WDnJ69anoeCYvp83gvYzLkyG1wu8AwcvJO\/OOu7O38acNcERQa1cXSXkcshMrPbhV3pzXDDdhyRjoOqjOfKggNF0EXDyR2twrtApiZV1G58Kluqj7LBTI64yM1x0jQlu4pjb3CyRoghlxqN0AEUNhWBhGYwC+PzerY86nOBOAIrS4u2ivY7hnRoXRFXMZZifFh2OehGCB2NfOAOA4bW1vY4b6O5E6CFnRVxGVSQHdh2yfHnGR2+NBCWujLd2006XKyQZ3TOdRusZRVIMgaEZIATBPkBjyrhHpiG1a7FyvI5vMaT6Ruv8ANBC5I5O7mdh2zjHlUzwt6P4YtMvYIr+KaO4GDMqrtj2r1Jw5B6dT1FdMHo9g+hHtxqERha4Fx61tXYMbV2\/5mO64zu7nGKCDuuHXaXTthhuIp5JWjWa4mnhYmJ3Ysjou3JyemTu7+dScemRMFKwaAd8xt1xG\/WQfmDw9W7dPiPbUjDoy2b6FCkqzqs1wVlUABg0MrgjBYY8XtOa7LH0YLHyP8WrcrUGvP8seInl\/Zff6Hw9+vftQVrXdG3W6SQxaZGou4YTNZK6yqxlVSocAbe\/XqDipbgzTbR7BZ72+uPHJIoeW7lg+623G0TFT1BOQfOuzVeGBp+nbBMJuZqsE24LjG6aIbe7Zxjv8e1ZPxA3+EsR\/puT++6kz\/wBB+4UGq3+iQfS1lBFdXnKnieTalzK6PtVyDzubuXsPugg4HbJqQ1TRrB7W5NrezNJFDJJmO\/mlZNik55fNwe3Y4HxrMtIP2Vl\/wdT\/AOy6qD4OP+If\/i3g\/wD05un8hQbLoej2IsbaW8vZ1aaMOGlvpoi2ev3ObgYBA6EiuheHIRrEkDXV2IVtBcbDczBQNwXdzubu9pwRjB79KxrXXJ9XBJOLWID4DLnA9nUk\/tqyXEhNoxJJP0PAO\/l9JIuP1Y6Y9lBfuLdPsl06e4s724Jh2ZeG9lmK7pFXBQyheoJ7ke0dqlLXQ9PWOBZ7yZZZIkYCTUJkdtyjrs5vTJz0HT2Vh+hH\/Dah\/wARf\/WWtfeOv\/Gy\/wD24P8A0sNBddV0XOqchJHudl4kaw3Zd4RvglcAku5cYAGSoPT4mp5tLiGcwcPjbMLc5Rukh7Rnw9G79PgfZVf0iYnXYgSTm4s2PxPqD9T8aul56MVk5\/8Ai1HN1Bbz\/LHhI5n2X3+p8Xfp27UFX4q0QGzkeODSV5dxFC72iuJEfnICobb4T1APwJr3nQOZeNa+sK1yGWZozqN1u3Iq7WzycF1ULjrkADyr28ScMix0y7xMJefqMU5wuNm+5i8B6nOMd+n6qkNN4Hij12S6F7G0pMkhtdq7wHQrk+POBkHO2ggNP4eEl28EM6m4hZ5GVdQutysxxIwPJxuJOGwc9etctC0HnSPHZ3Cl7fchCajdDYHfL7TygMMy5JXIJAzU9w5wPFBrVxdLeRyyEys9uFXcnNYMNxDkjHTuoznyrq4E4BitLq7eK9juGdHieNVXMZZ8+LDsQehGCB2oILR9DW5ilNtcI0cUfJkxqNyAsYBIU5hH2eN2Pze+POvtjoy3NtNPHcK8AXbMx1G6AxGuQHDQg4AOQCPPpUtwR6PYbe0v4Yb6O4FxHyGdFXERCSA7gHbJ8ecEjt8a7eGeBIYtJvLeO+imjuN+bhVXbHhApzhyDjGT4hQQg0gS2kl16yrW5cSSOdRusF0KBSwMOS4KxgZGei48q+T6OotVvHuV5BkEqyfSN11k+6GA5O7f0I7bhg+w1MadwFCuhz2y38TRSyiY3QVdihTESD48H\/L77h3+FcbvgGA6FFbG\/iWFJef60VXYQzPgffx3fGd3lQRF5oyW1tDO9wqQb98LDUbojc4clkCwkhiGfJA82z5181Th5LOOAzzxxxsGSE\/SNzt2uBu2YhICkEZPbBGamOJPR\/DJpVlBLfxQx2\/adlXbJvBxjLgDI6jxHNd3HfAUVzaWMM17HbiBOSruq4kJSNRtBdcHwZxk96CD1nhlLZoorqZEMsfq8aNqFz1jJUbP8nAjztGDhe1c7\/h4eti2mnU3Eqp9m2o3RZghZ4wx5OPCdzKCc56ip30jcCxX1xbNLex2zBeUiOqkyHcD4cuuT2GAD3r7rfA8UuuQ3TXkaSgxyLbFV3sIx5eMHBweu04wfZQUvTDJb3ZMohZYLy+dmmeR+qWsW\/e\/LLuqqxYHGSxOQMCpO6u5LmffFHaFJRpzDa0m0g3kuzG6MFcsCrggEADucgcfUVnvbiKRxGkl3qiNIcYUG0twWOcDoOvU17bHTEtpkhilE0aLpe2UYw4a+uGBGCRjr5Gg8Ou6ubyIzQJZlPVL6MtGZR0Cwljh4lO5fCVPY57ivbrWpNNJDFHFZcy1v7eNghl6M+9ArlogGUjdkrnGPbivNJw7DY2Rit7gXKG11FuYu3GeVbqV8JI6bfbUpqWhwwXTyRXCzPNqtm0kYK5iIeTCtgkjO49wO1BafRmgGkWePOFWP62JYn9pJNWeq16Nf\/lFl\/x4\/wDpVloFKUoFKUoFZNxfqUKauweWNMTWGdzqMBUvdxOT0Ch4yfZuX2itZrLeI0CauxUYzc6dIR7W5d8uce0hUH6gKCs2sMFjZerm8tZm9WvesUqkZdrPavkdx2NgeeD7DUnALe2v5ZzfWci3F8soCTKSiiK86yeQ6yKM9s\/rFePTNZnu9OEl2zPJ6tfjLAA432RHkO2TUvaa1cT6lcRzszRxaiixKVACjkXqnacdchVPn16+dBVPVYRa+s+t2pLabb2\/IEq84Ovq+cp8NjdO9e3UrKHULaaNb60gI1S7n+1mChlYkKy4zkHJwe2O1dH01cG2NsWb1YaTauqbRtDZtjkNjOfE3n\/0FSd7xPc2NnqElp\/mNrM8e4rvIUJu7HI\/NC\/AdvKg7+NtIt76zsYI9SsFa2i5blrhcE8uNfDjJxlT3x5Vx460aC\/a0MWp2C8iERtuuF6kFTlcZ6dPOrD6SOMbqzsrSa1ADyspkHL3dOXuK4OdoJ6e341z9I3F11Zz2C2oG2ZzzRs3ZG6Ibc\/mjDN1GD8aCE4usLe81a3vI9SsFji5OVa4XceXKXOMZHUHp1718vdPt5NdXUBqVhyldG2G4Xf4YQh+Hfr3qe4s4subfWbG2hxyJdvM8Gc75GT735u0AEYx8civt3xZcjiGKzXAtjH4hszk8qR92\/GQchRjOO\/toIGKwt1146j9JWHKLFtnrC78GDl49nfr37U4ZsLe11me+fUrAxytOQi3C7vtJAwznp08+tT8PFtx9Yns2GbbleHwdm5Sybi\/c\/nLjOO3TIzXzhjiu5n1u9tZsciNWMfgxja8a\/e7tkMScn9WKCtcCaTBYXF1LLqVgwnidF23C5BZ92TnH8qcB6Rb6fa3sUupWDNcxCNStwuAQkq+LOOnjHbPnVk9HnFlzd3uoR3OOXFJ9l4NuBzJFwDjxDCqcnJzn211+jHjC6vbe7e7A3RtmP7Pb0KE7emNwBHfv8aCtcN6LBbaZfWj6nYM1yBsIuF2qduCWz169OwPauqLh6AaNJYnU9P5jXQnDesLtAAQY9ucg+VWjg3jC7uNEurqfBuIhMU+z252xK65QYz1JHxAHn1rx23G943Dsl0f\/FLJyw3LGSDMq7tmMZCt7MdM0Hk02e3tvoeFr20f1WS4eR1nTaAySbepPTO4AA47GvDp+gW8fq+dS088nUmvTideqnleEf6vAfh261a9O1N7l9EmmGJJFnL9MZPqzZ6eWSM4qJ07irU29W3q\/j1NoJP8Pj7AcrBPh8I6v4\/59KCHvDBY6VKi3lpPJ9Ix3gSGVWJXmxdAvQkjBJ8sedUyLTjfWluFmtYjDzkYTXEcZO+UygqrHJXx4z7Qa0e71W6uNMZr0MHXVoY03R7PsxNFt6YG4ZJ6+f7KuXHAuwsRsrq2tRlg5n24bIG0KSD1GHoMWhVYZLO3aa3Zha3kbSLPG0SmcXITdIDhe65z7RXksdBNiZJ5J7N1EE6bYrqJ3JlgkiXCA5PiYE\/AGti12e9SwjD4lAhea5uoZFQFUR32RYwwMmEXeo6KzYwcEZZwJxBPLeBLeOKOZldojEoTLIrScuQ5xMjgMhMm5gSGDAjNBFfV5ruKCRJ7RAIVjKy3USOChYHKE5Ge49oIr1qAXktOdBuNjFbiQzpyQyTxTkCXO3GAw\/3ZFSvpC1+eC5VbmGJ5nTnOJlEojVpHCRRAHYgVFXLp42Yk7h2qwX2p3iaZzmQmy5KXC5mJZjKsSrbOwYSmJJHdicgsiqu7vkKF9CmztbsyT2snNhWJVhuY5Gz6zA+dqnOAqMSa7tc4dN5Lz47myVZIoSFe8iVhi3jUhlJyCCCMVN+jTXbiWeT1WCPmxqsvLi2wpKnMSN43TIjJCvvRzhgV6lgcVofEZ1I3K+r3tpao6piCbYZNx6MB4Tuy3QYNBmGh6vF9OozSRoizRZlaReXiC1eIkPnBDH7p7HI9tWC+0C3k9YxqWn\/a6kt8Mzr0Uc3wn\/V4x8O\/Wr1xsMXmlf8AMP8A\/CWqzqHFWpr6xsV\/BqawR\/4fP2B5uSPD4h0Tx\/z60EdexW8Gn3qC9s5Wmv1u1WOdCdvOiYjHcsAp7fvr06bp9vHrj6g2pWBjZpGC+sLvw0ZQDr06dPPtXs1XVbma01RbkMEivYo4cx7Mx+tIBg4G8Yx161J6fxZcvxDNaMB6skZ2jZ5hI23b+5JLEYziggeHNPt7bWZ759SsDHI05CLcLu+0fcM56dPPrXTwJpVvp9zcyyalYMs0booS4XILPuBOcdvhVl4a4suZtbvLWUDkRqTH4MY2NGPvd23biep8umK4+j7iu5u76\/iuccuKTEXg24AkkTAP53QKcnJ\/fQVbgzQ4LGzv4ZNS09muoBEhW4XCkJKuWzg4y47Z867uHNJt7bSr2zfUrAvc52sLhdozGq+LPXy8gamfR3xrd3VpfS3QDPDl4xs29DGzbMAdQCMA9T16k12cFcX3c+i3VzcYaeHnbCY9udkKuuUGM+IkdO4\/fQV6x0aCPRLiwbUrAySziVW9YXYAGhOD558Ddh518utEgfRIrAalYc2Ocyl\/WF24LSHA88+IeXtqw2PF12eHXvGIN0ocAmMeU2wHYBjIXr2x8K6r\/jO7HDsd2vS6cqhbljI+2ZCwTGASBntgZoILiDQ4LjS7K0TUrAPbZ3sbhdpyCPDjr5+YFdvG+kW99Z2MEWpWCtbRcty1wuCeXGvhxk4yp748qmeMeNLuDRbO5gwLiblbzyw2Mws7eAg4yQB8K7vSJxpdWcNi1sBvmYNJ9nuGAqErj80Et379O9BCekbTbfUri3kh1KwQRJtO+4XJO4Nkbc1y1vT7efW479NSsBGjRMUNwu87Bg4x06\/rqf8ASPxZc2V1YJbY2SyHmjZuyA8S4zg7ejN1HX91NZ4ruYtftrRMerPGN42ebCXrvxkY2r0GP50FHuLyCe5uYxcwIJrnUgsjyKEAltYERy2fukggHzwcZxXq0q7t7Ro4Wu7Z+WunKZElUodl7cO+CT+arKT7AetddvNKs9ybfcZlvNXMQUbm3erwldq9cnPYY71KaVNM8kbXYYTlNL5m9drZF9cDxKcYJAB7fGgg7W3gsLIwG8tZmNvfnMMqkZkit1ReuDuJU4Hn5VKXJt4LuSf120kW41O1nAjmUlER5CxfyAG4de1cTdXclm51ASCUQamF5ibG2cu3K4GBkZLYOPh5VJ311dveSC6EghXVrMW+5Nq7d0gPLOBuHRcnJ\/nQW70ZSBtHs9pBxAqnB7FehB+IIIIqz1WPRlGF0izwPvQq5+LNlmJ9pLEk\/rqz0ClKUClKUHGWUKpZiFUAkknAAHcknsKzGWxtL2\/vZZ7sqY5YRDy7pYwQlujKQR3IeSUbvLcw9taZcW6yIySKHRgVZWGQQRggg9wR0xUJ9QdO9xtfkR\/hQUjRtFgu4i2o3MsMnijCfSiy5RghPiHYMwwV\/wBINdlhpkU00q3V3NHHE4MEn0orl\/vrv25zGdv\/AHEVc\/qBp3uNr8iP8KfUDTvcbX5Ef4UFEOhwGf1QzyeoCMASfSiY6KCE5HkAQAP1V2cM6PaCS9B1CeIC7bbtvdu\/MMLF26+NixYFvPGPKrv9QNO9xtfkR\/hUPxLoWnWaIRptvKzvjasMYwo8UkhO04CLk\/ElVHVhQcfoez\/S1z\/EP70+h7P9LXP8R\/vXt0bg6xngSSXS7eBnBPKaGIsoydu7A6MVwSvkTjrivb9QNO9xtfkR\/hQQv0PZ\/pa5\/iP96fQ9n+lrn+I\/3qa+oGne42vyI\/wp9QNO9xtfkR\/hQQv0PZ\/pa5\/iH96fQ9n+lrn+If3qa+oGne42vyI\/wp9QNO9xtfkR\/hQQv0PZ\/pa5\/iP96fQ9n+lrn+If3qa+oGne42vyI\/wp9QNO9xtfkR\/hQQv0PZ\/pa5\/iP96fQ9n+lrn+I\/3qa+oGne42vyI\/wp9QNO9xtfkR\/hQUrUdKtPpCzVr+aWMpcMzNfMdjBYwu11YFMhnHfrXit4mPL3kLm5McmNYm8MHhxKPt+rdX8PXsOlaF9QNO9xtfkR\/hT6gad7ja\/Ij\/AAoM31G2j+j5pZ5NlxFOphQahJOCqyRlXKNK6k\/e6EdMdqu\/GFhp+qQpFcXaKqScwcuaIHO1l67t3TDGpH6gad7ja\/Ij\/Cn1A073G1+RH+FBVNa4rQQTadZxrMqWotxM11boPHCVU+JhvwO+PP2VnvBWhXOn30VyyQSCPf4ReWoJ3Rsncv8A6s1tv1A073G1+RH+FPqBp3uNr8iP8KDHPSBptxql4LhI4Yxylj2teWpPhLHOQ\/8Aqqb1DUJ5dFXThDEGEUUfM9dtNv2bIxON+eu3+daR9QNO9xtfkR\/hT6gad7ja\/Ij\/AAoMg9HVncaVdPM8cMoaIx7VvbUHq6Nnq\/8Ap\/nV3a207V5LXUJ5+RLGFKxGeEY5crMA4IJPi9hHTHarR9QNO9xtfkR\/hT6gad7ja\/Ij\/Cgr3GV5a3d5YRvcJyg07sY5whVli8B5iMCnUkdxnNV64iYczYQcXIjjzrE3ig8WZD9v0bonh6dz0rQvqBp3uNr8iP8ACn1A073G1+RH+FBm+uWkfqd+ZJSpiY+q41KWXmKrZV2jMrDd0U4I7+XSrd9D2f6Vuf4j\/epr6gad7ja\/Ij\/Cn1A073G1+RH+FBC\/Q9n+lrn+If3p9D2f6Wuf4j\/epr6gad7ja\/Ij\/Cn1A073G1+RH+FBC\/Q9n+lrn+I\/3p9D2f6Wuf4j\/epr6gad7ja\/Ij\/Cn1A073G1+RH+FBC\/Q9n+lrn+I\/3p9D2f6Wuf4j\/epr6gad7ja\/Ij\/Cn1A073G1+RH+FBC\/Q9n+lrn+I\/3p9D2f6Wuf4j\/epr6gad7ja\/Ij\/Cn1A073G1+RH+FBC\/Q9n+lrn+I\/3p9D2f6Wuf4j\/epr6gad7ja\/Ij\/Cn1A073G1+RH+FBnWj6Fa8m4nW6kNwlzdmJfXljLnmMgYuexkVUy\/53Q1Labw7aTRrLdXssU7BN6\/SKvgxuzIN4+9tJLD2Emrf9QdO9xtfkR\/hT6gad7ja\/Ij\/CgpOlaLBdo51C6liYF41X6UWXdGyru6jsG7FfgK5WulQzzypdXcyxROrwSHVFcuQTh9neMjoR+urp9QNO9xtfkR\/hT6gad7ja\/Ij\/AAoI\/wBGV7H6ikKyq5iedFXepYRpcSJHkDrjYE6+fT21b6jNM4YtLVy9tbQwuRtLRxqpIyDjIHbIHT4CpOgUpSgUpSgVlHHOry2WtxTJI4gjhhknj5j7NskzwM2zO3IBQ9u4BrV6oWu8OSXmp3CvC4gl042om8O3fzDIDjO7pkdcdxQV\/wBMmvzc+KG2keNYVWWYxuy\/5sixxqSpHlubHsOa1xRgYrGX4Mvm0qQzQO97PcwblBTIjt1VUyS2OwY9D1LDt1xsqNkA4xnrg\/8AvQcjVG9HkjNdapueRgl4Y1DSOwVRkgKGJCjJPb4ewVeazqIXml3t4YrKS7hu5hMjROgKsVwyuG7DPn2Ht69A9volmZ7W4Lu7kXk6Au7OQqlQoBYkgAeVXiqt6OdAls7Mi4AWWWaWdkBB2cxshdw74AGT7c1aaDN\/SxdrHcafzZ5beF5JVleKSRPCFQjOzv1+B7mvRwXptvNd+tWF5cTwRiSF0mllddzCNwYzJ16DAOf39Dnv9INlcNd6fNbWz3At5JJHVWRejKqgZcjr3P7PKu7S9avpb2NTp7WkDbmmkZomLMIyEB2E4HRevfoB0HcLnVa9I2vvY6bNNDgSYVEJ8i7Bd3xxkn9lWWq\/x5w42oWE1ujBXYBkJ7bkYMoPsBIxnyz50FR4g4AjtbYSm\/mjuMqWlmumVJiMFkYMwUBgGwPLzyBWmowIyOoPXNZbxhdajqGnm0OmypL4DI\/Mi5fgYNmM7svuKnp5ZHetSFBxmiDqVPYgg4JHf4jqP1ispi4ll0qO9sJWknuN49TZ2ZnmE\/gTq2fuN3\/Ucdq1mqTxTo0kur6bNHbs6QmXmyjZgBlwgOSCdrZboDjOaCf4V0VrO0jikkeaQDLyOzMWY\/eOWJOPID2AVL0pQZPxPdW0eszrfXlxbxG3jdFSeZFLtuUkBO2AoOO2e+atvo8sFSB5oZ5p4bhhJEZ2ZnUAbcEnyyMjz69aib+S8t9YnuIrCS4heCKEMrxL1Qlsjcw6eIjt3FTXB99dSPOLi09TiXYIYsoe\/MLsWTpknHTy6e0khZ6qPGHDBnd7gzzxrFauFSKV49z+Ntz7SM7emB8Tn2Vbq8OuoxtZwil2MThVXGSShAAyQOp9poKL6N+H3kgsL43Fw7GN+akk0jo24OAwViQpBwOnkfb30iq16OdPkt9Mt4Z0MckaFWVsdwzeakgg9+9WWgqHpanaPSLh42dHXllWRmUg81B3Ug9iR+2q5oFrZXdxCthqF3JLFsndXnneNlSRNwcPgZO4Yx7O3ts\/pQ02W50uaC3jaWSTYoVdo7SKxJLEAABT\/Ko76fv2MITSnibdHG8zyQtsjLpzNoU7jkD+QODjFBfBXxhkV9ri5wCcZ+AoMo9EOszLO8NzK8i3EbTwmR2bHKnkhdAWJ9it+quXBOpy3etyTPLIYJYp5YI977Asc6QK2zO3qA57eea8U3CV\/wDRduYIHjvLee5UKWjyYrjmbiDux03L0z0IPwq0aNw7JaapbrHCxt4dP9V53hA38wPkrnd1x3x3agvlKUoFQnGE9zHaO9pytyhmbm78bAjk7dnXdnbjy71N1H8QRM9pOqKWZoZFVRjJJQgAZwOp9poIf0YuW0izJJJMQJJOSep7nzq0VXPR3YyQaZbwzxtHJGmxlbHcE9cqSCD0PerHQQPF\/Dr30cUaTPAFmWR3jYq+0K4IQjzJIHXpjJ64xVRg0IfTcVvBPdGO2h59wHup3DMxxEpBbH+ojsR0xWkyvtUnBOATgdz8B8aqHo70ydTd3F5C0U9zcFyGKnEYUCNQVJBCgsP\/AGoLlUfr8ki2s5t8CUROYySANwQ7clug6479PbUhUPxhorXtjcW8bbGljKhjnGfYceR7H4HzoMbGuWvqcEtneXLas7RDxzSYLllDrIH+y5fcD4BfjW9pnAz386y7VIru700aaNMeKQxpEZWaLkJt2+NWBJbsTgDPWtLsbcxxIhJYqiruPc4AGT+vvQd9ZJxFwxFZ20kl5dXL3crSm2iinlyrMxMaxRqcnHh3HGP1dK1s1k+hLew3M93caVNcXMjtsk50IEcfZY4wzEoMZBOMn99BovDKzizgF3\/n8pOZ2+9tGc46Z9uPPNSdQ\/CL3DWcbXilJ2Ls6H80mVyFHU9AMAde2KmKBSlKBSlKBSlKBSlKBSlKBSlKBSlKBSlKBSlKBSlKBSlKBSlKBSlKBSlKBSlKBSlKBSlKBSlKBSlKBSlKBSlKBSlKBSlKBSlKBSlKBSlKD\/\/Z\" alt=\"\" width=\"115\" height=\"37\" data-height=\"127\" data-width=\"396\" \/><\/a><\/td>\n<td><a title=\"Budapesti M\u0171szaki \u00c9s Gazdas\u00e1gtudom\u00e1nyi Egyetem Gazdas\u00e1g- \u00e9s T\u00e1rsadalomtudom\u00e1nyi Kar Idegennyelvi K\u00f6zpont - University of Technology and Economics, Faculty of Economic and Social Sciences, Centre of Modern Languages\" href=\"http:\/\/inyk.bme.hu\/\" target=\"_blank\">University of Technology and Economics Centre of Modern Languages<\/a><\/td>\n<td><\/td>\n<\/tr>\n<tr>\n<td><a href=\"http:\/\/www.ecocenter.hu\/wp-content\/uploads\/2012\/09\/ESZi-log\u00f3.png\"><img loading=\"lazy\" decoding=\"async\" title=\"ESZi log\u00f3\" src=\"http:\/\/www.ecocenter.hu\/wp-content\/uploads\/2012\/09\/ESZi-log\u00f3-300x300.png\" alt=\"\" width=\"84\" height=\"84\" \/><\/a><\/td>\n<td><a title=\"Energetikai Szakk\u00f6z\u00e9piskola\" href=\"http:\/\/www.eszi.hu\/\" target=\"_blank\">Secondary School of Energetics &#8211; Paks<\/a><\/td>\n<td><\/td>\n<\/tr>\n<tr>\n<td><a href=\"http:\/\/www.ecocenter.hu\/wp-content\/uploads\/2012\/09\/EUHU-log\u00f31.png\"><img loading=\"lazy\" decoding=\"async\" title=\"EUHU-log\u00f31\" src=\"http:\/\/www.ecocenter.hu\/wp-content\/uploads\/2012\/09\/EUHU-log\u00f31-300x106.png\" alt=\"\" width=\"118\" height=\"41\" \/><\/a><\/td>\n<td><a title=\"EuroHungaricum Alap\u00edtv\u00e1ny\" href=\"http:\/\/www.eurohungaricum.hu\/\" target=\"_blank\">EuroHungaricum Benefit Foundation<\/a><\/td>\n<td><\/td>\n<\/tr>\n<tr>\n<td><a href=\"http:\/\/www.ecocenter.hu\/wp-content\/uploads\/2012\/09\/bl\u00e1thy-ott\u00f3-log\u00f3.jpg\"><img loading=\"lazy\" decoding=\"async\" title=\"bl\u00e1thy ott\u00f3 log\u00f3\" src=\"http:\/\/www.ecocenter.hu\/wp-content\/uploads\/2012\/09\/bl\u00e1thy-ott\u00f3-log\u00f3.jpg\" alt=\"\" width=\"84\" height=\"79\" \/><\/a><\/td>\n<td><a title=\"Bl\u00e1thy Ott\u00f3 Szakk\u00f6z\u00e9piskola\" href=\"http:\/\/www.blathy.hu\/\" target=\"_blank\">Bl\u00e1thy Ott\u00f3 Secondary Technical School<\/a><\/td>\n<td><\/td>\n<\/tr>\n<tr>\n<td><a href=\"http:\/\/www.ecocenter.hu\/wp-content\/uploads\/2012\/09\/solymasz-logo.jpg\"><img loading=\"lazy\" decoding=\"async\" title=\"solymasz logo\" src=\"http:\/\/www.ecocenter.hu\/wp-content\/uploads\/2012\/09\/solymasz-logo.jpg\" alt=\"\" width=\"99\" height=\"66\" \/><\/a><\/td>\n<td><a title=\"Magyar Solym\u00e1sz Egyes\u00fclet\" href=\"http:\/\/www.solymaszat.hu\/\" target=\"_blank\">Hungarian Falconers Association<\/a><\/td>\n<td><\/td>\n<\/tr>\n<tr>\n<td><a href=\"http:\/\/www.ecocenter.hu\/wp-content\/uploads\/2012\/09\/logo-HTI.jpg\"><img loading=\"lazy\" decoding=\"async\" title=\"logo-HTI\" src=\"http:\/\/www.ecocenter.hu\/wp-content\/uploads\/2012\/09\/logo-HTI-300x240.jpg\" alt=\"\" width=\"89\" height=\"71\" \/><\/a><\/td>\n<td><a title=\"Hat\u00e1rok N\u00e9lk\u00fcl Iroda\" href=\"http:\/\/www.hataroknelkul.hu\/\" target=\"_blank\">Hat\u00e1rok N\u00e9lk\u00fcl &#8211; Without Frontiers Office<\/a><\/td>\n<td><\/td>\n<\/tr>\n<tr>\n<td><a href=\"http:\/\/www.ecocenter.hu\/wp-content\/uploads\/2012\/09\/v\u00f6r\u00f6skereszt.jpg\"><img loading=\"lazy\" decoding=\"async\" title=\"v\u00f6r\u00f6skereszt\" src=\"http:\/\/www.ecocenter.hu\/wp-content\/uploads\/2012\/09\/v\u00f6r\u00f6skereszt.jpg\" alt=\"\" width=\"78\" height=\"78\" \/><\/a><\/td>\n<td><a href=\"http:\/\/voroskereszt.hu\/en\/\">Hungarian Red Cross<\/a><\/td>\n<td><\/td>\n<\/tr>\n<\/tbody>\n<\/table>\n<p>&nbsp;<\/p>\n<p><span style=\"color: #008000;\">International Partners<\/span><\/p>\n<p>&nbsp;<\/p>\n<table border=\"0\">\n<tbody>\n<tr>\n<td><a href=\"http:\/\/www.ecocenter.hu\/wp-content\/uploads\/2012\/09\/Luiss-logo.jpg\"><img loading=\"lazy\" decoding=\"async\" class=\"alignnone wp-image-712\" title=\"Luiss logo\" src=\"http:\/\/www.ecocenter.hu\/wp-content\/uploads\/2012\/09\/Luiss-logo-300x90.jpg\" alt=\"\" width=\"117\" height=\"35\" srcset=\"http:\/\/www.ecocenter.hu\/wp-content\/uploads\/2012\/09\/Luiss-logo-300x90.jpg 300w, http:\/\/www.ecocenter.hu\/wp-content\/uploads\/2012\/09\/Luiss-logo.jpg 410w\" sizes=\"auto, (max-width: 117px) 100vw, 117px\" \/><\/a><\/td>\n<td><a title=\"LUISS Egyetem\" href=\"http:\/\/www.luiss.edu\/\" target=\"_blank\">LUISS Guido Carli International University of Social Sciences &#8211; Italy<\/a><\/td>\n<\/tr>\n<tr>\n<td><a href=\"http:\/\/www.ecocenter.hu\/wp-content\/uploads\/2012\/09\/logobluewaters_s.png\"><img loading=\"lazy\" decoding=\"async\" class=\"alignnone wp-image-1348\" src=\"http:\/\/www.ecocenter.hu\/wp-content\/uploads\/2012\/09\/logobluewaters_s-300x83.png\" alt=\"logobluewaters_s\" width=\"130\" height=\"36\" \/><\/a><\/td>\n<td><a href=\"https:\/\/www.bluewaters.at\/\">Bluewaters Enviromental Consultants <\/a><\/td>\n<\/tr>\n<tr>\n<td><a href=\"http:\/\/www.ecocenter.hu\/wp-content\/uploads\/2012\/09\/orange-jhill-logo.jpg\"><img loading=\"lazy\" decoding=\"async\" title=\"orange jhill logo\" src=\"http:\/\/www.ecocenter.hu\/wp-content\/uploads\/2012\/09\/orange-jhill-logo.jpg\" alt=\"\" width=\"97\" height=\"50\" \/><\/a><\/td>\n<td><a title=\"Orange Hill\" href=\"http:\/\/www.orangehill.pl\/\" target=\"_blank\">Orange Hill &#8211; Poland<\/a><\/td>\n<\/tr>\n<tr>\n<td><a href=\"http:\/\/www.ecocenter.hu\/wp-content\/uploads\/2012\/09\/ECQ-logo.jpg\"><img loading=\"lazy\" decoding=\"async\" title=\"ECQ logo\" src=\"http:\/\/www.ecocenter.hu\/wp-content\/uploads\/2012\/09\/ECQ-logo-300x115.jpg\" alt=\"\" width=\"113\" height=\"43\" \/><\/a><\/td>\n<td><a title=\"European Center for Quality\" href=\"http:\/\/www.ecq-bg.com\/\" target=\"_blank\">European Center for Quality &#8211; Bulgaria<\/a><\/td>\n<\/tr>\n<tr>\n<td><a href=\"http:\/\/www.ecocenter.hu\/wp-content\/uploads\/2012\/09\/creslogo.gif\"><img loading=\"lazy\" decoding=\"async\" title=\"creslogo\" src=\"http:\/\/www.ecocenter.hu\/wp-content\/uploads\/2012\/09\/creslogo.gif\" alt=\"\" width=\"97\" height=\"52\" \/><\/a><\/td>\n<td><span style=\"color: #008000;\"><a title=\"Meg\u00fajul\u00f3 Energiaforr\u00e1s K\u00f6zpont - Centre for Renewable Energy Sources\" href=\"http:\/\/www.cres.gr\" target=\"_blank\"><span style=\"color: #008000;\">Centre for Renewable Energy Sources<\/span><\/a> &#8211; Greece<\/span><\/td>\n<\/tr>\n<tr>\n<td><a href=\"http:\/\/www.ecocenter.hu\/wp-content\/uploads\/2012\/09\/viko_logo.jpg\"><img loading=\"lazy\" decoding=\"async\" title=\"viko_logo\" src=\"http:\/\/www.ecocenter.hu\/wp-content\/uploads\/2012\/09\/viko_logo-264x300.jpg\" alt=\"\" width=\"73\" height=\"83\" \/><\/a><\/td>\n<td><a title=\"Vilnius Kolegija\" href=\"https:\/\/www.viko.lt\/\" target=\"_blank\">Vilnius Collage and Unversity &#8211; Lithuania<\/a><\/td>\n<\/tr>\n<tr>\n<td><a href=\"http:\/\/www.ecocenter.hu\/wp-content\/uploads\/2012\/09\/europartnership-agency1.jpg\"><img loading=\"lazy\" decoding=\"async\" title=\"europartnership agency\" src=\"http:\/\/www.ecocenter.hu\/wp-content\/uploads\/2012\/09\/europartnership-agency1.jpg\" alt=\"\" width=\"72\" height=\"51\" \/><\/a><\/td>\n<td><a title=\"European Center for Quality\" href=\"https:\/\/www.europatrainingltd.com\/EuropaAgency\/\" target=\"_blank\">Europartnershp Agency &#8211; Great Britan<\/a><\/td>\n<\/tr>\n<tr>\n<td><a href=\"http:\/\/www.ecocenter.hu\/wp-content\/uploads\/2012\/09\/lepido-rocco-logo.jpg\"><img loading=\"lazy\" decoding=\"async\" title=\"lepido rocco logo\" src=\"http:\/\/www.ecocenter.hu\/wp-content\/uploads\/2012\/09\/lepido-rocco-logo-300x81.jpg\" alt=\"\" width=\"115\" height=\"31\" \/><\/a><\/td>\n<td><a title=\"Orange Hill\" href=\"https:\/\/lepidorocco.it\/\" target=\"_blank\">Lepido Rocco Regional VET School &#8211; Italy<\/a><\/td>\n<\/tr>\n<\/tbody>\n<\/table>\n<p style=\"padding-left: 30px;\"><a title=\"Bluewaters K\u00f6rnyezetv\u00e9delmi Tan\u00e1csad\u00f3 C\u00e9g - Bluewaters Environmental Consultants \" href=\"http:\/\/www.bluewaters.at\/\" target=\"_blank\">\u00a0<\/a><\/p>\n<p style=\"padding-left: 30px;\">\n","protected":false},"excerpt":{"rendered":"<p>Esztherh\u00e1zy K\u00e1roly University of Applied Sciences K\u00e1roly R\u00f3bert University Collage Szent Istv\u00e1n University University of Technology and Economics Centre of Modern Languages Secondary School of Energetics &#8211; Paks EuroHungaricum Benefit Foundation Bl\u00e1thy Ott\u00f3 Secondary Technical School Hungarian Falconers Association Hat\u00e1rok N\u00e9lk\u00fcl &#8211; Without Frontiers Office Hungarian Red Cross &nbsp; International Partners &nbsp; LUISS Guido Carli &hellip; <\/p>\n<p class=\"link-more\"><a href=\"http:\/\/www.ecocenter.hu\/en\/partnerek\" class=\"more-link\">Read more<span class=\"screen-reader-text\"> &#8220;Partners&#8221;<\/span><\/a><\/p>\n","protected":false},"author":2,"featured_media":0,"parent":0,"menu_order":0,"comment_status":"open","ping_status":"open","template":"","meta":{"om_disable_all_campaigns":false,"_monsterinsights_skip_tracking":false,"_monsterinsights_sitenote_active":false,"_monsterinsights_sitenote_note":"","_monsterinsights_sitenote_category":0,"footnotes":""},"class_list":["post-578","page","type-page","status-publish","hentry"],"aioseo_notices":[],"_links":{"self":[{"href":"http:\/\/www.ecocenter.hu\/en\/wp-json\/wp\/v2\/pages\/578","targetHints":{"allow":["GET"]}}],"collection":[{"href":"http:\/\/www.ecocenter.hu\/en\/wp-json\/wp\/v2\/pages"}],"about":[{"href":"http:\/\/www.ecocenter.hu\/en\/wp-json\/wp\/v2\/types\/page"}],"author":[{"embeddable":true,"href":"http:\/\/www.ecocenter.hu\/en\/wp-json\/wp\/v2\/users\/2"}],"replies":[{"embeddable":true,"href":"http:\/\/www.ecocenter.hu\/en\/wp-json\/wp\/v2\/comments?post=578"}],"version-history":[{"count":14,"href":"http:\/\/www.ecocenter.hu\/en\/wp-json\/wp\/v2\/pages\/578\/revisions"}],"predecessor-version":[{"id":1364,"href":"http:\/\/www.ecocenter.hu\/en\/wp-json\/wp\/v2\/pages\/578\/revisions\/1364"}],"wp:attachment":[{"href":"http:\/\/www.ecocenter.hu\/en\/wp-json\/wp\/v2\/media?parent=578"}],"curies":[{"name":"wp","href":"https:\/\/api.w.org\/{rel}","templated":true}]}}