{"id":340,"date":"2012-11-30T13:01:59","date_gmt":"2012-11-30T12:01:59","guid":{"rendered":"http:\/\/www.ecocenter.hu\/?page_id=340"},"modified":"2012-11-30T13:01:59","modified_gmt":"2012-11-30T12:01:59","slug":"partnership","status":"publish","type":"page","link":"http:\/\/www.ecocenter.hu\/en\/hun-hypos-project\/partnership","title":{"rendered":"Partnership"},"content":{"rendered":"<p><strong><span style=\"color: #008000;\">Partnership<\/span><\/strong><br \/>\n<span style=\"color: #008000;\"> Centre for Renewable Energy Sources<\/span><br \/>\n<span style=\"color: #008000;\"> <a href=\"http:\/\/www.cres.gr\/kape\/index_eng.htm\"><span style=\"color: #008000;\">www.cres.gr<\/span><\/a><\/span><br \/>\n<span style=\"color: #008000;\"> University of Technology and Economics, Faculty of Economic and Social Sciences, Centre of Modern Languages<\/span><br \/>\n<span style=\"color: #008000;\"> <a href=\"http:\/\/www.nyi.bme.hu\"><span style=\"color: #008000;\">www.nyi.bme.hu<\/span><\/a><\/span><\/p>\n<p><span style=\"color: #008000;\">\u00a0<\/span><\/p>\n<p><span style=\"color: #008000;\">University of Szent Istv\u00e1n <\/span><br \/>\n<span style=\"color: #008000;\"> <a href=\"http:\/\/www.rgvi.gtk.szie.hu\"><span style=\"color: #008000;\">www.rgvi.gtk.szie.hu<\/span><\/a><\/span><br \/>\n<span style=\"color: #008000;\"> Bluewaters Environmental Consultanst <\/span><br \/>\n<span style=\"color: #008000;\"> <a href=\"http:\/\/www.bluewaters.at\"><span style=\"color: #008000;\">www.bluewaters.at<\/span><\/a><\/span><\/p>\n<p><span style=\"color: #008000;\">\u00a0<\/span><\/p>\n<p><span style=\"color: #008000;\">Project Coordinator:<\/span><\/p>\n<p><span style=\"color: #008000;\">Hat\u00e1rok N\u00e9lk\u00fcl Kft<\/span><\/p>\n<p><span style=\"color: #008000;\"><a href=\"http:\/\/www.hataroknelkul.hu\"><span style=\"color: #008000;\">www.hataroknelkul.hu<\/span><\/a><\/span><\/p>\n","protected":false},"excerpt":{"rendered":"<p>Partnership Centre for Renewable Energy Sources www.cres.gr University of Technology and Economics, Faculty of Economic and Social Sciences, Centre of Modern Languages www.nyi.bme.hu \u00a0 University of Szent Istv\u00e1n www.rgvi.gtk.szie.hu Bluewaters Environmental Consultanst www.bluewaters.at \u00a0 Project Coordinator: Hat\u00e1rok N\u00e9lk\u00fcl Kft www.hataroknelkul.hu<\/p>\n","protected":false},"author":2,"featured_media":0,"parent":338,"menu_order":0,"comment_status":"open","ping_status":"open","template":"","meta":{"om_disable_all_campaigns":false,"_monsterinsights_skip_tracking":false,"_monsterinsights_sitenote_active":false,"_monsterinsights_sitenote_note":"","_monsterinsights_sitenote_category":0,"footnotes":""},"class_list":["post-340","page","type-page","status-publish","hentry"],"aioseo_notices":[],"_links":{"self":[{"href":"http:\/\/www.ecocenter.hu\/en\/wp-json\/wp\/v2\/pages\/340","targetHints":{"allow":["GET"]}}],"collection":[{"href":"http:\/\/www.ecocenter.hu\/en\/wp-json\/wp\/v2\/pages"}],"about":[{"href":"http:\/\/www.ecocenter.hu\/en\/wp-json\/wp\/v2\/types\/page"}],"author":[{"embeddable":true,"href":"http:\/\/www.ecocenter.hu\/en\/wp-json\/wp\/v2\/users\/2"}],"replies":[{"embeddable":true,"href":"http:\/\/www.ecocenter.hu\/en\/wp-json\/wp\/v2\/comments?post=340"}],"version-history":[{"count":1,"href":"http:\/\/www.ecocenter.hu\/en\/wp-json\/wp\/v2\/pages\/340\/revisions"}],"predecessor-version":[{"id":341,"href":"http:\/\/www.ecocenter.hu\/en\/wp-json\/wp\/v2\/pages\/340\/revisions\/341"}],"up":[{"embeddable":true,"href":"http:\/\/www.ecocenter.hu\/en\/wp-json\/wp\/v2\/pages\/338"}],"wp:attachment":[{"href":"http:\/\/www.ecocenter.hu\/en\/wp-json\/wp\/v2\/media?parent=340"}],"curies":[{"name":"wp","href":"https:\/\/api.w.org\/{rel}","templated":true}]}}