{"id":338,"date":"2012-11-30T12:56:05","date_gmt":"2012-11-30T11:56:05","guid":{"rendered":"http:\/\/www.ecocenter.hu\/?page_id=338"},"modified":"2020-11-25T12:13:00","modified_gmt":"2020-11-25T11:13:00","slug":"hun-hypos-project","status":"publish","type":"page","link":"http:\/\/www.ecocenter.hu\/en\/hun-hypos-project","title":{"rendered":"Hun-Hypos Project"},"content":{"rendered":"<p><span style=\"color: #008000;\"><strong>\u201cHungarian Distance Learning Training Structure on the Design and Operation of Hybrid Power Systems\u201d<br \/>\nLLP-LdV-TOI-2008-HU-07<br \/>\n<a href=\"http:\/\/www.ecocenter.hu\/wp-content\/uploads\/2012\/09\/3507_HYPOS_logo1.jpg\"><img loading=\"lazy\" decoding=\"async\" class=\"alignnone size-full wp-image-412\" src=\"http:\/\/www.ecocenter.hu\/wp-content\/uploads\/2012\/09\/3507_HYPOS_logo1.jpg\" alt=\"3507_HYPOS_logo\" width=\"250\" height=\"159\" \/><\/a>\u00a0<a href=\"http:\/\/www.ecocenter.hu\/wp-content\/uploads\/2020\/11\/eulog\u00f3_angol.png\"><img loading=\"lazy\" decoding=\"async\" class=\"alignnone wp-image-1280\" src=\"http:\/\/www.ecocenter.hu\/wp-content\/uploads\/2020\/11\/eulog\u00f3_angol-300x89.png\" alt=\"eulogo_angol\" width=\"226\" height=\"67\" srcset=\"http:\/\/www.ecocenter.hu\/wp-content\/uploads\/2020\/11\/eulog\u00f3_angol-300x89.png 300w, http:\/\/www.ecocenter.hu\/wp-content\/uploads\/2020\/11\/eulog\u00f3_angol.png 364w\" sizes=\"auto, (max-width: 226px) 100vw, 226px\" \/><\/a><br \/>\n<\/strong><\/span><\/p>\n<p><span style=\"color: #008000;\">World energy demand has been increasing exponentially on the other hand the conventional energy resources (exhaustible) are limited on earth. In accordance with the EC directives that are to be followed in Hungary as well, the expected usage rate of renewable energy sources should reach 20% by 2020.<\/span><br \/>\n<span style=\"color: #008000;\"> The increasing electrification needs are driving Authorities and professionals to look for methods to electrify on quick, cheap and reliable way. Hybrid power systems are to combine all of the advantages of the other alternatives and, at least partially, nullifying their disadvantages.<\/span><br \/>\n<span style=\"color: #008000;\"> A comprehensive training material to enable the HPS related industry, which involves both RES and conventional technologies, to follow the consistently high standards of design, operation and monitoring expected by a fast growing commercial market is essential.<\/span><br \/>\n<span style=\"color: #008000;\"> <strong>Project origin<br \/>\n<\/strong>This project arises from the experience gained in another project funded by the EC funded the Leonardo da Vinci Programme: HYPOS-DILETR \u201cDistance Learning Structure on the Design and Operation of Hybrid Power Systems\u201d, in which distance learning programme on the design, operation and supervision of HPS was realised due to the need of such missing training throughout Europe.<\/span><\/p>\n<p><span style=\"color: #008000;\">\u00a0<\/span><\/p>\n<p><span style=\"color: #008000;\"><strong>Objective<br \/>\n<\/strong>Our objective is to strengthen Hungarian energy expertise related to the technologies and best practices in renewable energy sector by providing a nationalized distance learning system: a comprehensive, specialized training programme, designed to be as flexible as possible to meet the training needs and requirements of both themselves, as individuals, and the organisations they represent in Hungary.<\/span><\/p>\n<p><span style=\"color: #008000;\">\u00a0<\/span><\/p>\n<p><span style=\"color: #008000;\"><strong>Methodology<br \/>\n<\/strong>Distance learning is one of the most perspective and attractive educational products due to its low price, high quality and to the fact that is not requiring necessarily absence from the workplace, and it makes it so attractive for managers. With the use of additional e-learning elements, our intention to make the adapted course in Hungary even more attractive and applicable for all of whom want to raise their education and qualification.<\/span><\/p>\n<p><span style=\"color: #008000;\">\u00a0<\/span><\/p>\n<p><span style=\"color: #008000;\"><strong>Work Plan<br \/>\n<\/strong>The work that is going to be implemented in the frame of the present project can be broken down into the following major work-tasks:<\/span><br \/>\n<span style=\"color: #008000;\"> 1. Survey of existing training activities in Hungary, detection of the project target groups training needs and the requirements for a non-credited such course in Hungary <\/span><br \/>\n<span style=\"color: #008000;\"> 2. Drawing up a study on the findings of the carried nationwide survey<\/span><br \/>\n<span style=\"color: #008000;\"> 3. Adapting the developed distance learning training courses structure and supporting material and translation into the Hungarian language.<\/span><br \/>\n<span style=\"color: #008000;\"> 4. Pilot testing of the adapted translated HPS distance learning training tool <\/span><br \/>\n<span style=\"color: #008000;\"> 5. Disseminating the project&#8217;s progress and products throughout the project in order to ensure sustainability.<\/span><\/p>\n<p><span style=\"color: #008000;\">\u00a0<\/span><\/p>\n<p><span style=\"color: #008000;\"><strong>Partnership<br \/>\n<\/strong>The partnership consists of 5 partners from 3 different countries with experience in developing capacity building and training products as well as in carrying out and organizing trainings on national and international level. <\/span><br \/>\n<span style=\"color: #008000;\"> CRES will ensure that the knowledge pooled together while developing the transferred product, will be shared and implemented into the Hungarian adaptation, while all partners will take part in developing the suitable tool and carrying out survey and need analysis based on their professional experience. Universities will provide theoretical background and professional expertise with relevance both to the theme, and particularly to didactics on drawing up a detailed study on the findings of the survey.<\/span><br \/>\n<span style=\"color: #008000;\"> The SMEs will ensure the presence of the private sector\u2019s know-how, they will guarantee the compliance of theory and practice and will test the methodology against real life expectations.<\/span><\/p>\n<p><span style=\"color: #008000;\">\u00a0<\/span><\/p>\n<p><span style=\"color: #008000;\"><strong>Partners:<\/strong><\/span><br \/>\n<span style=\"color: #008000;\"> Centre for Renewable Energy Sources<\/span><br \/>\n<span style=\"text-decoration: underline; color: #008000;\"> <a href=\"http:\/\/www.cres.gr\"><span style=\"color: #008000; text-decoration: underline;\">www.cres.gr<\/span><\/a><\/span><br \/>\n<span style=\"color: #008000;\"> University of Technology and Economics, Faculty of Economic and Social Sciences, Centre of Modern Languages<\/span><br \/>\n<span style=\"text-decoration: underline; color: #008000;\"> <a href=\"http:\/\/www.nyi.bme.hu\"><span style=\"color: #008000; text-decoration: underline;\">www.nyi.bme.hu<\/span><\/a><\/span><\/p>\n<p><span style=\"color: #008000;\">\u00a0<\/span><\/p>\n<p><span style=\"color: #008000;\">University of Szent Istv\u00e1n <\/span><br \/>\n<span style=\"text-decoration: underline; color: #008000;\"> <a href=\"http:\/\/www.rgvi.gtk.szie.hu\"><span style=\"color: #008000; text-decoration: underline;\">www.rgvi.gtk.szie.hu<\/span><\/a><\/span><br \/>\n<span style=\"color: #008000;\"> Bluewaters Environmental Consultanst <\/span><br \/>\n<span style=\"text-decoration: underline; color: #008000;\"> <a href=\"http:\/\/www.bluewaters.at\"><span style=\"color: #008000; text-decoration: underline;\">www.bluewaters.at<\/span><\/a><\/span><\/p>\n<p><span style=\"color: #008000;\">\u00a0<\/span><\/p>\n<p><span style=\"text-decoration: underline;\"><span style=\"color: #008000; text-decoration: underline;\">Project Coordinator:<\/span><\/span><\/p>\n<p><span style=\"color: #008000;\">Hat\u00e1rok N\u00e9lk\u00fcl Kft<\/span><\/p>\n<p><span style=\"color: #008000;\"><a href=\"http:\/\/www.hataroknelkul.hu\"><span style=\"color: #008000;\">www.hataroknelkul.hu<\/span><\/a><\/span><br \/>\n<span style=\"color: #008000;\"> <strong>Long term impact<\/strong><\/span><br \/>\n<span style=\"color: #008000;\"> The ultimate objective of the project is to ensure improved and high quality Hybrid Power Systems by providing Hungarian professionals, the targeted sector: Energy planners, decision makers, engineers working in power production and distribution, and the technical staff of local and regional energy agencies with a comprehensive, specialized training programme, designed to be as flexible as possible to meet the training needs and requirements of both themselves, as individuals, and the organisations they represent.<\/span><br \/>\n<span style=\"color: #008000;\"> <strong>Present action<br \/>\n<\/strong>The project has finished 31st October 2010, the partnership has developed 2\u00a0non-credited courses adapted\u00a0to Hungary.\u00a0The training is starting from January 2011,.\u00a0<\/span><\/p>\n<p><span style=\"color: #008000;\">Should you be interested in our training, please ask for\u00a0Registration Sheet\u00a0on\u00a0our below address:<\/span><br \/>\n<span style=\"color: #008000;\"> <a href=\"mailto:oktatas@ecocenter.hu\"><span style=\"color: #008000;\">oktatas@ecocenter.hu<\/span><\/a><\/span><\/p>\n<p><strong><span style=\"text-decoration: underline;\"><span style=\"color: #008000; text-decoration: underline;\">For Registration, please send us the below personal details:<\/span><\/span><\/strong><br \/>\n<span style=\"color: #008000;\"> Name:<\/span><br \/>\n<span style=\"color: #008000;\"> Qualification:<\/span><br \/>\n<span style=\"color: #008000;\"> Address:<\/span><br \/>\n<span style=\"color: #008000;\"> Phone:<\/span><br \/>\n<span style=\"color: #008000;\"> E-mail:<\/span><br \/>\n<span style=\"color: #008000;\"> Organisation\/Company:<\/span><br \/>\n<span style=\"color: #008000;\"> I wish to participate in the course: <\/span><br \/>\n<span style=\"color: #008000;\"> Hybrid Technology Designer Expert: YES\/NO<\/span><br \/>\n<span style=\"color: #008000;\"> Hybrid Technology Project Development Manager: YES\/NO<\/span><br \/>\n<span style=\"color: #008000;\"> Information request regarding:<\/span><br \/>\n<span style=\"color: #008000;\"> \u2026\u2026\u2026\u2026\u2026\u2026\u2026\u2026\u2026\u2026\u2026\u2026\u2026\u2026\u2026\u2026\u2026\u2026\u2026\u2026\u2026\u2026\u2026\u2026\u2026\u2026\u2026\u2026\u2026\u2026\u2026\u2026\u2026\u2026\u2026\u2026&#8230;<\/span><br \/>\n<span style=\"color: #008000;\"> \u2026\u2026\u2026\u2026\u2026\u2026\u2026\u2026\u2026\u2026\u2026\u2026\u2026\u2026\u2026\u2026\u2026\u2026\u2026\u2026\u2026\u2026\u2026\u2026\u2026\u2026\u2026\u2026\u2026\u2026\u2026\u2026\u2026\u2026\u2026\u2026\u2026.<\/span><\/p>\n<p><span style=\"color: #008000;\"> \u00a0<\/span><\/p>\n<p><span style=\"color: #008000;\"><strong>HUN HYPOS 1st Newsletter 19 February 2009<\/strong><\/span><\/p>\n<p><span style=\"color: #008000;\"><a href=\"http:\/\/www.ecocenter.hu\/_articles\/file\/hirlevel-hypos\/HUN%20HYPOS%20newsletter%201%20ENG%20final.doc\" target=\"_blank\"><span style=\"color: #008000;\">Download type\u00a0of .doc &gt;&gt;<\/span><\/a><\/span><\/p>\n<p><span style=\"color: #008000;\"><strong>HUN HYPOS 2nd Newsletter 15 September 2009<\/strong><\/span><\/p>\n<p><span style=\"text-decoration: underline; color: #008000;\"><a href=\"http:\/\/www.ecocenter.hu\/_articles\/file\/hirlevel-hypos\/HUN%20HYPOS%20newsletter%202%20ENG%20final.doc\"><span style=\"color: #008000; text-decoration: underline;\">Download type of .doc &gt;&gt;<\/span><\/a><\/span><\/p>\n<p><span style=\"color: #008000;\"><strong>HUN HYPOS 3rd Newsletter 31 December 2009<\/strong><\/span><br \/>\n<span style=\"color: #008000;\"> <a href=\"http:\/\/www.ecocenter.hu\/_articles\/HUN%20HYPOS%20Hirlevel%203%20ENG.doc\"><span style=\"color: #008000;\">Download type of .doc &gt;&gt;<\/span><\/a><\/span><span style=\"color: #008000;\"><br \/>\n<\/span><\/p>\n<p><span style=\"color: #008000;\"><strong>HUN HYPOS 4th Newsletter 15 September 2010<\/strong><\/span><br \/>\n<span style=\"color: #008000;\"> <a href=\"http:\/\/www.ecocenter.hu\/_articles\/HUN%20HYPOS%20Hirlevel%204%20ENG.doc\"><span style=\"color: #008000;\">Download type of .doc &gt;&gt;<\/span><\/a><\/span><\/p>\n<p><span style=\"color: #008000;\"><strong>HUN HYPOS 5th Newsletter 30 October 2010 <\/strong><\/span><br \/>\n<span style=\"color: #008000;\"> <a href=\"http:\/\/www.ecocenter.hu\/_articles\/HUN%20HYPOS%20Hirlevel%205%20ENG.doc\"><span style=\"color: #008000;\">Download type of .doc &gt;&gt;<\/span><\/a><\/span><\/p>\n<p>&nbsp;<\/p>\n<h6>This project has been funded with support from the European Commission. This publication reflects the views only of the author, and the Commission cannot be held responsible for any use which may be made of the information contained therein.<\/h6>\n","protected":false},"excerpt":{"rendered":"<p>\u201cHungarian Distance Learning Training Structure on the Design and Operation of Hybrid Power Systems\u201d LLP-LdV-TOI-2008-HU-07 \u00a0 World energy demand has been increasing exponentially on the other hand the conventional energy resources (exhaustible) are limited on earth. In accordance with the EC directives that are to be followed in Hungary as well, the expected usage rate &hellip; <\/p>\n<p class=\"link-more\"><a href=\"http:\/\/www.ecocenter.hu\/en\/hun-hypos-project\" class=\"more-link\">Read more<span class=\"screen-reader-text\"> &#8220;Hun-Hypos Project&#8221;<\/span><\/a><\/p>\n","protected":false},"author":2,"featured_media":0,"parent":0,"menu_order":0,"comment_status":"open","ping_status":"open","template":"","meta":{"om_disable_all_campaigns":false,"_monsterinsights_skip_tracking":false,"_monsterinsights_sitenote_active":false,"_monsterinsights_sitenote_note":"","_monsterinsights_sitenote_category":0,"footnotes":""},"class_list":["post-338","page","type-page","status-publish","hentry"],"aioseo_notices":[],"_links":{"self":[{"href":"http:\/\/www.ecocenter.hu\/en\/wp-json\/wp\/v2\/pages\/338","targetHints":{"allow":["GET"]}}],"collection":[{"href":"http:\/\/www.ecocenter.hu\/en\/wp-json\/wp\/v2\/pages"}],"about":[{"href":"http:\/\/www.ecocenter.hu\/en\/wp-json\/wp\/v2\/types\/page"}],"author":[{"embeddable":true,"href":"http:\/\/www.ecocenter.hu\/en\/wp-json\/wp\/v2\/users\/2"}],"replies":[{"embeddable":true,"href":"http:\/\/www.ecocenter.hu\/en\/wp-json\/wp\/v2\/comments?post=338"}],"version-history":[{"count":4,"href":"http:\/\/www.ecocenter.hu\/en\/wp-json\/wp\/v2\/pages\/338\/revisions"}],"predecessor-version":[{"id":1300,"href":"http:\/\/www.ecocenter.hu\/en\/wp-json\/wp\/v2\/pages\/338\/revisions\/1300"}],"wp:attachment":[{"href":"http:\/\/www.ecocenter.hu\/en\/wp-json\/wp\/v2\/media?parent=338"}],"curies":[{"name":"wp","href":"https:\/\/api.w.org\/{rel}","templated":true}]}}