{"id":2419,"date":"2023-03-09T14:29:28","date_gmt":"2023-03-09T13:29:28","guid":{"rendered":"http:\/\/www.ecocenter.hu\/?page_id=2419"},"modified":"2023-05-08T12:02:11","modified_gmt":"2023-05-08T10:02:11","slug":"i-we-society","status":"publish","type":"page","link":"http:\/\/www.ecocenter.hu\/en\/i-we-society","title":{"rendered":"I.WE.SOCIETY"},"content":{"rendered":"\n<div class=\"wp-block-columns are-vertically-aligned-center has-small-font-size is-layout-flex wp-container-core-columns-is-layout-1 wp-block-columns-is-layout-flex\">\n<div class=\"wp-block-column is-vertically-aligned-center has-small-font-size is-layout-flow wp-block-column-is-layout-flow\" style=\"flex-basis:100%\">\n<div class=\"wp-block-group is-content-justification-center is-nowrap is-layout-flex wp-container-core-group-is-layout-1 wp-block-group-is-layout-flex\" style=\"font-size:100px\">\n<figure class=\"wp-block-image size-large is-resized\"><img loading=\"lazy\" decoding=\"async\" src=\"http:\/\/www.ecocenter.hu\/wp-content\/uploads\/2023\/05\/Project-logo-2-1024x1024.png\" alt=\"\" class=\"wp-image-2452\" width=\"165\" height=\"165\" srcset=\"http:\/\/www.ecocenter.hu\/wp-content\/uploads\/2023\/05\/Project-logo-2-1024x1024.png 1024w, http:\/\/www.ecocenter.hu\/wp-content\/uploads\/2023\/05\/Project-logo-2-300x300.png 300w, http:\/\/www.ecocenter.hu\/wp-content\/uploads\/2023\/05\/Project-logo-2-150x150.png 150w, http:\/\/www.ecocenter.hu\/wp-content\/uploads\/2023\/05\/Project-logo-2-768x768.png 768w, http:\/\/www.ecocenter.hu\/wp-content\/uploads\/2023\/05\/Project-logo-2.png 1500w\" sizes=\"auto, (max-width: 165px) 100vw, 165px\" \/><\/figure>\n\n\n\n<figure class=\"wp-block-image size-full is-resized\"><img loading=\"lazy\" decoding=\"async\" src=\"http:\/\/www.ecocenter.hu\/wp-content\/uploads\/2023\/05\/CoFunded-EU-logo.png\" alt=\"\" class=\"wp-image-2454\" width=\"286\" height=\"60\" srcset=\"http:\/\/www.ecocenter.hu\/wp-content\/uploads\/2023\/05\/CoFunded-EU-logo.png 490w, http:\/\/www.ecocenter.hu\/wp-content\/uploads\/2023\/05\/CoFunded-EU-logo-300x63.png 300w\" sizes=\"auto, (max-width: 286px) 100vw, 286px\" \/><\/figure>\n<\/div>\n<\/div>\n<\/div>\n\n\n\n<p style=\"text-align: center;\"><strong>2020-1-LV01-KA227-ADU-<wbr \/>094488<\/strong><\/p>\n<p>\u00a0<\/p>\n\n\n\n<p>The project &#8220;I. We. Society&#8221; are focusing on creating interesting and useful digital course programs that could be used by different age and profile adults. The aim is to provide people of all ages with equal and open access to high-quality learning opportunities and a variety of learning experiences, special attention being paid to the vulnerable part of the society facing changes or disadvantages in their lives, some of them created by Covid-19 pandemic. The target group of the whole project is quite wide, but each program will focus on one special type of them. With this in mind, effective material based on the needs of different target groups will be created.<\/p>\n<p>Each target group of the project has their own needs where the created course can help them deal with the current situation:<\/p>\n<ul>\n<li>young parents may need advice how to deal with different problems in the society when a child is born<\/li>\n<li>re-immigrating people have to adjust to the new situation in the native country<\/li>\n<li>recently retired people have to be helped feel still active and needed in the society<\/li>\n<li>people with different disabilities will find online course easily accessible<\/li>\n<li>temporary unemployed people affected by Covid-19 pandemics will benefit from the<\/li>\n<li>course as it will include practical advice for finding a new job<\/li>\n<li>small business owners will get practical help on how to decrease the existing problems.<\/li>\n<\/ul>\n<p>The impact and sustainability of the project is as follows:<\/p>\n<ul>\n<li>600 participants will have got motivation to improve their life and improved their IT skills<\/li>\n<li>60 participants will have reflected on the created digital distance learning courses<\/li>\n<li>40 staff members will have improved their own foreign language and IT skills, as well as increased their expertise on adult teaching<\/li>\n<li>the adult education centers will have got 6 new digital programs that can be offered to vulnerable social groups.<\/li>\n<\/ul>\n<p>The project is being implemented by 6 centers dealing with adult education:<\/p>\n<ul>\n<li>Grobi\u0146a Adult Education center (LATVIA)<\/li>\n<li>Ecocenter Alap\u00edtv\u00e1ny (HUNGARY)<\/li>\n<li>Asociacion De Innovacion, Formaci\u00f3n y Empleo para el Desarrollo Sostenible (SPAIN)<\/li>\n<li>Ljudska Univerza, Zavod Za Izobrazevanje In Kulturo, Rogaska Slatina (SLOVENIA)<\/li>\n<li>G.G. Eurosuccess Consulting Limited (CYPRUS)<\/li>\n<li>Igor, obrt za cjelo\u017eivotno u\u010denje, vl. Igor \u0160tavli\u0107, Marindvor (CROATIA).<\/li>\n<\/ul>\n<p>\u00a0<\/p>\n<p>More information: <a href=\"https:\/\/www.iwesociety.com\/\">https:\/\/www.iwesociety.com\/<\/a><\/p>\n\n\n\n<p><\/p>\n\n\n\n<h2 class=\"wp-block-heading\"><\/h2>\n\n\n\n<h2 class=\"wp-block-heading\"><\/h2>\n","protected":false},"excerpt":{"rendered":"<p>2020-1-LV01-KA227-ADU-094488 \u00a0 The project &#8220;I. We. Society&#8221; are focusing on creating interesting and useful digital course programs that could be used by different age and profile adults. The aim is to provide people of all ages with equal and open access to high-quality learning opportunities and a variety of learning experiences, special attention being paid &hellip; <\/p>\n<p class=\"link-more\"><a href=\"http:\/\/www.ecocenter.hu\/en\/i-we-society\" class=\"more-link\">Read more<span class=\"screen-reader-text\"> &#8220;I.WE.SOCIETY&#8221;<\/span><\/a><\/p>\n","protected":false},"author":2,"featured_media":0,"parent":0,"menu_order":0,"comment_status":"closed","ping_status":"closed","template":"","meta":{"om_disable_all_campaigns":false,"_monsterinsights_skip_tracking":false,"_monsterinsights_sitenote_active":false,"_monsterinsights_sitenote_note":"","_monsterinsights_sitenote_category":0,"footnotes":""},"class_list":["post-2419","page","type-page","status-publish","hentry"],"aioseo_notices":[],"_links":{"self":[{"href":"http:\/\/www.ecocenter.hu\/en\/wp-json\/wp\/v2\/pages\/2419","targetHints":{"allow":["GET"]}}],"collection":[{"href":"http:\/\/www.ecocenter.hu\/en\/wp-json\/wp\/v2\/pages"}],"about":[{"href":"http:\/\/www.ecocenter.hu\/en\/wp-json\/wp\/v2\/types\/page"}],"author":[{"embeddable":true,"href":"http:\/\/www.ecocenter.hu\/en\/wp-json\/wp\/v2\/users\/2"}],"replies":[{"embeddable":true,"href":"http:\/\/www.ecocenter.hu\/en\/wp-json\/wp\/v2\/comments?post=2419"}],"version-history":[{"count":5,"href":"http:\/\/www.ecocenter.hu\/en\/wp-json\/wp\/v2\/pages\/2419\/revisions"}],"predecessor-version":[{"id":2458,"href":"http:\/\/www.ecocenter.hu\/en\/wp-json\/wp\/v2\/pages\/2419\/revisions\/2458"}],"wp:attachment":[{"href":"http:\/\/www.ecocenter.hu\/en\/wp-json\/wp\/v2\/media?parent=2419"}],"curies":[{"name":"wp","href":"https:\/\/api.w.org\/{rel}","templated":true}]}}