{"id":1726,"date":"2022-06-30T11:25:20","date_gmt":"2022-06-30T09:25:20","guid":{"rendered":"http:\/\/www.ecocenter.hu\/en\/?page_id=1726"},"modified":"2022-06-30T11:25:21","modified_gmt":"2022-06-30T09:25:21","slug":"vr-course-in-kiskunfelegyhaza-pontal-project","status":"publish","type":"page","link":"http:\/\/www.ecocenter.hu\/en\/vr-course-in-kiskunfelegyhaza-pontal-project","title":{"rendered":"VR course in Kiskunf\u00e9legyh\u00e1za &#8211; PONTAL project"},"content":{"rendered":"\n<p class=\"has-normal-font-size\"><strong>Ecocenter Foundation held VR courses at Plat\u00e1n school in Kiskunf\u00e9legyh\u00e1za within the framework of the PONTAL Erasmus project!<\/strong><\/p>\n\n\n\n<div class=\"wp-block-columns is-layout-flex wp-container-core-columns-is-layout-1 wp-block-columns-is-layout-flex\">\n<div class=\"wp-block-column is-layout-flow wp-block-column-is-layout-flow\">\n<figure class=\"wp-block-image size-large is-resized\"><img loading=\"lazy\" decoding=\"async\" src=\"http:\/\/www.ecocenter.hu\/wp-content\/uploads\/2022\/05\/GENTLY-Handbook.docx.png\" alt=\"\" class=\"wp-image-1659\" width=\"215\" height=\"66\" srcset=\"http:\/\/www.ecocenter.hu\/wp-content\/uploads\/2022\/05\/GENTLY-Handbook.docx.png 430w, http:\/\/www.ecocenter.hu\/wp-content\/uploads\/2022\/05\/GENTLY-Handbook.docx-300x91.png 300w\" sizes=\"auto, (max-width: 215px) 100vw, 215px\" \/><\/figure>\n<\/div>\n\n\n\n<div class=\"wp-block-column is-layout-flow wp-block-column-is-layout-flow\">\n<figure class=\"wp-block-image size-large is-resized\"><img loading=\"lazy\" decoding=\"async\" src=\"http:\/\/www.ecocenter.hu\/wp-content\/uploads\/2022\/06\/Platan_logo_s-2.png\" alt=\"\" class=\"wp-image-1718\" width=\"113\" height=\"107\" srcset=\"http:\/\/www.ecocenter.hu\/wp-content\/uploads\/2022\/06\/Platan_logo_s-2.png 450w, http:\/\/www.ecocenter.hu\/wp-content\/uploads\/2022\/06\/Platan_logo_s-2-300x285.png 300w\" sizes=\"auto, (max-width: 113px) 100vw, 113px\" \/><\/figure>\n<\/div>\n<\/div>\n\n\n\n<p>The courses were held during may and june 2022, with the help of a professional instructor involved in the project we were able to show and teach interesting and exciting things to 20 children, get them familiar with this world. They created their own virtual world using CoSpace Edu education program, with the help of their smart phone and some VR spectacle frames, they had the opportunity to see their work. For this occasion we also brought them some real VR glasses (Oculus Go VR) on which we installed some games and they had the opportunity to try it out, the kids really enjoyed participating. They were able to develop their work in virtual reality and everyone could try it out with the special framework what they created and were able to learn and try the mysteries of 3D printing. <\/p>\n\n\n\n<p>Overall, it was a very exciting and interesting series of events and the kids really enjoyed being part of this project. The school and parents were also happy to get involved and open to other similar opportunities.<\/p>\n\n\n\n<div class=\"wp-block-columns is-layout-flex wp-container-core-columns-is-layout-2 wp-block-columns-is-layout-flex\">\n<div class=\"wp-block-column is-layout-flow wp-block-column-is-layout-flow\">\n<figure class=\"wp-block-image size-medium is-style-rounded\"><img loading=\"lazy\" decoding=\"async\" width=\"300\" height=\"169\" src=\"http:\/\/www.ecocenter.hu\/wp-content\/uploads\/2022\/06\/1-.alkalom-3-300x169.jpg\" alt=\"\" class=\"wp-image-1711\" srcset=\"http:\/\/www.ecocenter.hu\/wp-content\/uploads\/2022\/06\/1-.alkalom-3-300x169.jpg 300w, http:\/\/www.ecocenter.hu\/wp-content\/uploads\/2022\/06\/1-.alkalom-3-1024x576.jpg 1024w, http:\/\/www.ecocenter.hu\/wp-content\/uploads\/2022\/06\/1-.alkalom-3-768x432.jpg 768w, http:\/\/www.ecocenter.hu\/wp-content\/uploads\/2022\/06\/1-.alkalom-3-1536x864.jpg 1536w, http:\/\/www.ecocenter.hu\/wp-content\/uploads\/2022\/06\/1-.alkalom-3.jpg 1920w\" sizes=\"auto, (max-width: 300px) 100vw, 300px\" \/><\/figure>\n<\/div>\n\n\n\n<div class=\"wp-block-column is-layout-flow wp-block-column-is-layout-flow\">\n<figure class=\"wp-block-image size-medium is-style-rounded\"><img loading=\"lazy\" decoding=\"async\" width=\"300\" height=\"169\" src=\"http:\/\/www.ecocenter.hu\/wp-content\/uploads\/2022\/06\/4.-alkalom-1-300x169.jpg\" alt=\"\" class=\"wp-image-1712\" srcset=\"http:\/\/www.ecocenter.hu\/wp-content\/uploads\/2022\/06\/4.-alkalom-1-300x169.jpg 300w, http:\/\/www.ecocenter.hu\/wp-content\/uploads\/2022\/06\/4.-alkalom-1-1024x576.jpg 1024w, http:\/\/www.ecocenter.hu\/wp-content\/uploads\/2022\/06\/4.-alkalom-1-768x432.jpg 768w, http:\/\/www.ecocenter.hu\/wp-content\/uploads\/2022\/06\/4.-alkalom-1-1536x864.jpg 1536w, http:\/\/www.ecocenter.hu\/wp-content\/uploads\/2022\/06\/4.-alkalom-1.jpg 2000w\" sizes=\"auto, (max-width: 300px) 100vw, 300px\" \/><\/figure>\n<\/div>\n<\/div>\n\n\n\n<div class=\"wp-block-columns is-layout-flex wp-container-core-columns-is-layout-3 wp-block-columns-is-layout-flex\">\n<div class=\"wp-block-column is-layout-flow wp-block-column-is-layout-flow\">\n<figure class=\"wp-block-image size-medium is-style-rounded\"><img loading=\"lazy\" decoding=\"async\" width=\"300\" height=\"225\" src=\"http:\/\/www.ecocenter.hu\/wp-content\/uploads\/2022\/06\/20220601_102418-1-300x225.jpg\" alt=\"\" class=\"wp-image-1715\" srcset=\"http:\/\/www.ecocenter.hu\/wp-content\/uploads\/2022\/06\/20220601_102418-1-300x225.jpg 300w, http:\/\/www.ecocenter.hu\/wp-content\/uploads\/2022\/06\/20220601_102418-1-1024x768.jpg 1024w, http:\/\/www.ecocenter.hu\/wp-content\/uploads\/2022\/06\/20220601_102418-1-768x576.jpg 768w, http:\/\/www.ecocenter.hu\/wp-content\/uploads\/2022\/06\/20220601_102418-1-1536x1152.jpg 1536w, http:\/\/www.ecocenter.hu\/wp-content\/uploads\/2022\/06\/20220601_102418-1-2048x1536.jpg 2048w\" sizes=\"auto, (max-width: 300px) 100vw, 300px\" \/><\/figure>\n<\/div>\n\n\n\n<div class=\"wp-block-column is-layout-flow wp-block-column-is-layout-flow\">\n<figure class=\"wp-block-image size-medium is-style-rounded\"><img loading=\"lazy\" decoding=\"async\" width=\"300\" height=\"225\" src=\"http:\/\/www.ecocenter.hu\/wp-content\/uploads\/2022\/06\/20220601_110855-300x225.jpg\" alt=\"\" class=\"wp-image-1710\" srcset=\"http:\/\/www.ecocenter.hu\/wp-content\/uploads\/2022\/06\/20220601_110855-300x225.jpg 300w, http:\/\/www.ecocenter.hu\/wp-content\/uploads\/2022\/06\/20220601_110855-1024x768.jpg 1024w, http:\/\/www.ecocenter.hu\/wp-content\/uploads\/2022\/06\/20220601_110855-768x576.jpg 768w, http:\/\/www.ecocenter.hu\/wp-content\/uploads\/2022\/06\/20220601_110855-1536x1152.jpg 1536w, http:\/\/www.ecocenter.hu\/wp-content\/uploads\/2022\/06\/20220601_110855-2048x1536.jpg 2048w\" sizes=\"auto, (max-width: 300px) 100vw, 300px\" \/><\/figure>\n<\/div>\n<\/div>\n\n\n\n<p class=\"has-small-font-size\"><strong>This project has been funded with support from the European Commission. This publication reflects the views only of the author, and the Commission cannot be held responsible for any use which may be made of the information contained therein.<\/strong><\/p>\n\n\n","protected":false},"excerpt":{"rendered":"<p>Ecocenter Foundation held VR courses at Plat\u00e1n school in Kiskunf\u00e9legyh\u00e1za within the framework of the PONTAL Erasmus project! The courses were held during may and june 2022, with the help of a professional instructor involved in the project we were able to show and teach interesting and exciting things to 20 children, get them familiar &hellip; <\/p>\n<p class=\"link-more\"><a href=\"http:\/\/www.ecocenter.hu\/en\/vr-course-in-kiskunfelegyhaza-pontal-project\" class=\"more-link\">Read more<span class=\"screen-reader-text\"> &#8220;VR course in Kiskunf\u00e9legyh\u00e1za &#8211; PONTAL project&#8221;<\/span><\/a><\/p>\n","protected":false},"author":2,"featured_media":0,"parent":0,"menu_order":0,"comment_status":"closed","ping_status":"closed","template":"","meta":{"om_disable_all_campaigns":false,"_monsterinsights_skip_tracking":false,"_monsterinsights_sitenote_active":false,"_monsterinsights_sitenote_note":"","_monsterinsights_sitenote_category":0,"footnotes":""},"class_list":["post-1726","page","type-page","status-publish","hentry"],"aioseo_notices":[],"_links":{"self":[{"href":"http:\/\/www.ecocenter.hu\/en\/wp-json\/wp\/v2\/pages\/1726","targetHints":{"allow":["GET"]}}],"collection":[{"href":"http:\/\/www.ecocenter.hu\/en\/wp-json\/wp\/v2\/pages"}],"about":[{"href":"http:\/\/www.ecocenter.hu\/en\/wp-json\/wp\/v2\/types\/page"}],"author":[{"embeddable":true,"href":"http:\/\/www.ecocenter.hu\/en\/wp-json\/wp\/v2\/users\/2"}],"replies":[{"embeddable":true,"href":"http:\/\/www.ecocenter.hu\/en\/wp-json\/wp\/v2\/comments?post=1726"}],"version-history":[{"count":1,"href":"http:\/\/www.ecocenter.hu\/en\/wp-json\/wp\/v2\/pages\/1726\/revisions"}],"predecessor-version":[{"id":1727,"href":"http:\/\/www.ecocenter.hu\/en\/wp-json\/wp\/v2\/pages\/1726\/revisions\/1727"}],"wp:attachment":[{"href":"http:\/\/www.ecocenter.hu\/en\/wp-json\/wp\/v2\/media?parent=1726"}],"curies":[{"name":"wp","href":"https:\/\/api.w.org\/{rel}","templated":true}]}}