{"id":1582,"date":"2022-04-14T13:31:07","date_gmt":"2022-04-14T11:31:07","guid":{"rendered":"http:\/\/www.ecocenter.hu\/en\/?page_id=1582"},"modified":"2022-04-14T14:06:45","modified_gmt":"2022-04-14T12:06:45","slug":"eco-community-house-in-balatonfured-ginop-5-1-7-17","status":"publish","type":"page","link":"http:\/\/www.ecocenter.hu\/en\/eco-community-house-in-balatonfured-ginop-5-1-7-17","title":{"rendered":"Eco Community House in Balatonf\u00fcred \u2013 GINOP 5.1.7-17"},"content":{"rendered":"\n<div class=\"wp-block-columns is-layout-flex wp-container-core-columns-is-layout-1 wp-block-columns-is-layout-flex\">\n<div class=\"wp-block-column is-layout-flow wp-block-column-is-layout-flow\">\n<figure class=\"wp-block-image size-full\"><img loading=\"lazy\" decoding=\"async\" width=\"150\" height=\"134\" src=\"http:\/\/www.ecocenter.hu\/wp-content\/uploads\/2019\/03\/EU_zaszlo_text_RGB_hu-e1551862701724.jpg\" alt=\"\" class=\"wp-image-1156\"\/><\/figure>\n<\/div>\n\n\n\n<div class=\"wp-block-column is-layout-flow wp-block-column-is-layout-flow\">\n<figure class=\"wp-block-image size-full\"><img loading=\"lazy\" decoding=\"async\" width=\"150\" height=\"150\" src=\"http:\/\/www.ecocenter.hu\/wp-content\/uploads\/2019\/03\/szechenyi_2020_logo_allo_color_RGB-e1551862784512.jpg\" alt=\"\" class=\"wp-image-1157\"\/><\/figure>\n<\/div>\n\n\n\n<div class=\"wp-block-column is-layout-flow wp-block-column-is-layout-flow\">\n<figure class=\"wp-block-image size-full\"><img loading=\"lazy\" decoding=\"async\" width=\"150\" height=\"104\" src=\"http:\/\/www.ecocenter.hu\/wp-content\/uploads\/2019\/03\/infoblokk_kedv_final_CMYK_ESBA-als\u00f3-2-e1551863179764.jpg\" alt=\"\" class=\"wp-image-1158\"\/><\/figure>\n<\/div>\n<\/div>\n\n\n\n<p><\/p>\n\n\n\n<p><strong>Name of recipient:<\/strong> Ecocenter Alap\u00edtv\u00e1ny<\/p>\n<p><strong>Project title:<\/strong> Eco-community house creation &#8211; Social sensitization in Balatonf\u00fcred and venue release activity<\/p>\n<p><strong>Total grant:<\/strong> 22.410.000 HUF<\/p>\n<p><strong>Measurement of aid (in %):<\/strong> 96,42 %<\/p>\n<p><strong>Project planned end date (if completed, the actual completion):<\/strong> 2020.09.30.<\/p>\n<p><strong>Project ID Number:<\/strong> GINOP-5.1.7-17-2018-00069<\/p>\n<p>\u00a0<\/p>\n<p><strong>Presentation of project content:<\/strong><\/p>\n<p>Social content of development:<\/p>\n<p>Social sensitization and environmental education of the population, encouraging healthy lifestyles through education, programs and events: programs for businesses and unemployed people, sport activities, activities for housewives, fundraising actions. In addition, 3 new employees are recruited, of which 2 are disadvantaged. We provide them with development training (equal opportunities training, language training), we promote equal treatment and equal opportunities. Long-term employment of employees is the goal of our business. We also involve new employees in our social activities, they participate in fundraising, they receive those arriving for the programs and carry out the implementation. Energy awareness and awareness-raising with free trainings, which focuses on environmental protection, efficient energy management and healthy living. We carry out the social sensitization of entrepreneurs through our programs, we provide an opportunity to find entrepreneurial partners, we inform them about the tender opportunities, we pass on business knowledge.<\/p>\n<p>\u00a0<\/p>\n<p>Business content of the development:<\/p>\n<p>The building in Balatonf\u00fcred would be transformed into the Ecocenter Community House with this project proposal, which was rented for 15 years. The plan is for a minor renovation, transformation, complete accessibility and the acquisition of the necessary tools for its programs, from which we expect an increase in revenue.<\/p>\n<p>The maintenance of the house, the long-term employment of employees and their social activities would be maintained from its business activities:<\/p>\n<ol>\n<li>Further operation of the house as accommodation, in which we prefer to book the disadvantaged. We offer a 30% discount on the property price if they meet any of the following categories: large families, the net income per capita of those living in one household is low, disabled, mentally handicapped (exhibition of certificates. Bookings are also welcomed online from all over the country and from abroad.<\/li>\n<li>Rents out a room and garden of the house to hold various events (company team building training, product presentation, standing reception, press conference)<\/li>\n<\/ol>\n<p>\u2013 new employees: janitor, gardener, real estate publishing manager, event organizer-marketer. The former two main part-timers, they are given as many tools and machines as possible to carry out their tasks, for automated easier work. The latter receives two main computers, printers, other office equipment. The lower level of the house and garden will be completely accessible. In addition to the above-mentioned employee training, we provide continuous feedback on your work, initially a long training period and an active manager mentoring relationship.<\/p>\n<p>\u2013 management professional trainings, books, conferences (business development, marketing, employee incentive, self-improvement)<\/p>\n<p>\u2013 market access support<\/p>\n<p>\u2013 product\/service expansion<\/p>\n<p>\u2013 infrastructure development<\/p>\n<p>\u2013 professional operation development<\/p>\n","protected":false},"excerpt":{"rendered":"<p>Name of recipient: Ecocenter Alap\u00edtv\u00e1ny Project title: Eco-community house creation &#8211; Social sensitization in Balatonf\u00fcred and venue release activity Total grant: 22.410.000 HUF Measurement of aid (in %): 96,42 % Project planned end date (if completed, the actual completion): 2020.09.30. Project ID Number: GINOP-5.1.7-17-2018-00069 \u00a0 Presentation of project content: Social content of development: Social sensitization &hellip; <\/p>\n<p class=\"link-more\"><a href=\"http:\/\/www.ecocenter.hu\/en\/eco-community-house-in-balatonfured-ginop-5-1-7-17\" class=\"more-link\">Read more<span class=\"screen-reader-text\"> &#8220;Eco Community House in Balatonf\u00fcred \u2013 GINOP 5.1.7-17&#8221;<\/span><\/a><\/p>\n","protected":false},"author":2,"featured_media":0,"parent":0,"menu_order":0,"comment_status":"closed","ping_status":"closed","template":"","meta":{"om_disable_all_campaigns":false,"_monsterinsights_skip_tracking":false,"_monsterinsights_sitenote_active":false,"_monsterinsights_sitenote_note":"","_monsterinsights_sitenote_category":0,"footnotes":""},"class_list":["post-1582","page","type-page","status-publish","hentry"],"aioseo_notices":[],"_links":{"self":[{"href":"http:\/\/www.ecocenter.hu\/en\/wp-json\/wp\/v2\/pages\/1582","targetHints":{"allow":["GET"]}}],"collection":[{"href":"http:\/\/www.ecocenter.hu\/en\/wp-json\/wp\/v2\/pages"}],"about":[{"href":"http:\/\/www.ecocenter.hu\/en\/wp-json\/wp\/v2\/types\/page"}],"author":[{"embeddable":true,"href":"http:\/\/www.ecocenter.hu\/en\/wp-json\/wp\/v2\/users\/2"}],"replies":[{"embeddable":true,"href":"http:\/\/www.ecocenter.hu\/en\/wp-json\/wp\/v2\/comments?post=1582"}],"version-history":[{"count":4,"href":"http:\/\/www.ecocenter.hu\/en\/wp-json\/wp\/v2\/pages\/1582\/revisions"}],"predecessor-version":[{"id":1591,"href":"http:\/\/www.ecocenter.hu\/en\/wp-json\/wp\/v2\/pages\/1582\/revisions\/1591"}],"wp:attachment":[{"href":"http:\/\/www.ecocenter.hu\/en\/wp-json\/wp\/v2\/media?parent=1582"}],"curies":[{"name":"wp","href":"https:\/\/api.w.org\/{rel}","templated":true}]}}