{"id":1322,"date":"2020-11-25T13:48:31","date_gmt":"2020-11-25T12:48:31","guid":{"rendered":"http:\/\/www.ecocenter.hu\/en\/?page_id=1322"},"modified":"2020-12-01T13:26:32","modified_gmt":"2020-12-01T12:26:32","slug":"eco-edu-innovative-eco-conscious-attitude-formation-in-education","status":"publish","type":"page","link":"http:\/\/www.ecocenter.hu\/en\/eco-edu-innovative-eco-conscious-attitude-formation-in-education","title":{"rendered":"ECO-EDU &#8211; Innovative eco-conscious attitude formation in education"},"content":{"rendered":"<p><strong>ECO-EDU:<\/strong> Innovative eco-conscious attitude formation in education<\/p>\n<p>SKHU\/WETA\/1901\/4.1\/022<\/p>\n<p>Duration: 2020.04.01-2020.12.31<\/p>\n<p>Total grant: 58.407,95 EUR<\/p>\n<p>Implementation organizations:<\/p>\n<p>Ecocenter Alap\u00edtv\u00e1ny (HU)<br \/>\nObec Svod\u00edn (SK)\u00a0 \u00a0\u00a0<a href=\"http:\/\/www.ecocenter.hu\/wp-content\/uploads\/2020\/09\/szogyen-cimer.png\"><img loading=\"lazy\" decoding=\"async\" class=\"alignnone wp-image-1262\" src=\"http:\/\/www.ecocenter.hu\/wp-content\/uploads\/2020\/09\/szogyen-cimer.png\" alt=\"szogyen-cimer\" width=\"23\" height=\"28\" \/><\/a><\/p>\n<p>Project summary: Education provides only general knowledge of environmental education, which is not sufficient for a true eco-conscious approach. Project-area is rich in natural and cultural values, traditional way of life harmonizes with the landscape, but the lifestyle of the population largely lacks environmental awareness<\/p>\n<p>General Objectives: awareness-raising by organizing and sharing of area-specific knowledge, development, testing and including in school curricula of interactive learning methods (local good practises, learning by doing) through cross-border cooperation, education networks and awareness-raising communication keeping in mind the horizontal goals.<br \/>\nThe project focuses on the introduction of environmental education, filling this gap, creating a training material with area-specific knowledge and implementing a specific training program with a complex understanding of sustainability (society and environment, saving of raw materials, energy and water supply, sustainable products, community building).<br \/>\nMain elements: electronic curriculum and its adaptation to school curricula, 2 Sustainability Week, 6 Sustainability Days, 2 interactive exhibitions, e-learning website, target group-specific awareness-raising communication with online elements that support the acquisition of experience. The project elements are implemented in innovative ways<br \/>\nParticipants: HU-SK school children, experts, trainers. The pilot training program is integrated into the school curricula. Curriculum, methodology and databases are public<br \/>\nNew values: complex understanding of eco-consciousness, good practises (home, self-made in place of big and expensive systems, products), complex pilot training program, practice-oriented approach, learning by doing, special communication and a shared virtual knowledge centre<\/p>\n<p>The page is viewable:\u00a0<a href=\"http:\/\/www.eco-edu.eu\/\">http:\/\/www.eco-edu.eu\/<\/a><\/p>\n<h5>The content of this website does not necessarily represent the official position of the European Union.<\/h5>\n<h5>www.skhu.eu, www.rdvegtc-spf.hu<br \/>\n<a href=\"http:\/\/www.ecocenter.hu\/wp-content\/uploads\/2020\/11\/int.png\"><img loading=\"lazy\" decoding=\"async\" class=\"alignnone wp-image-1329\" src=\"http:\/\/www.ecocenter.hu\/wp-content\/uploads\/2020\/11\/int-300x60.png\" alt=\"int\" width=\"275\" height=\"55\" srcset=\"http:\/\/www.ecocenter.hu\/wp-content\/uploads\/2020\/11\/int-300x60.png 300w, http:\/\/www.ecocenter.hu\/wp-content\/uploads\/2020\/11\/int-768x153.png 768w, http:\/\/www.ecocenter.hu\/wp-content\/uploads\/2020\/11\/int-1024x203.png 1024w, http:\/\/www.ecocenter.hu\/wp-content\/uploads\/2020\/11\/int.png 1133w\" sizes=\"auto, (max-width: 275px) 100vw, 275px\" \/><\/a>\u00a0\u00a0<a href=\"http:\/\/www.ecocenter.hu\/wp-content\/uploads\/2020\/11\/r\u00e1ba_.jpg\"><img loading=\"lazy\" decoding=\"async\" class=\"alignnone wp-image-1330\" src=\"http:\/\/www.ecocenter.hu\/wp-content\/uploads\/2020\/11\/r\u00e1ba_-300x143.jpg\" alt=\"raba_\" width=\"186\" height=\"89\" srcset=\"http:\/\/www.ecocenter.hu\/wp-content\/uploads\/2020\/11\/r\u00e1ba_-300x143.jpg 300w, http:\/\/www.ecocenter.hu\/wp-content\/uploads\/2020\/11\/r\u00e1ba_-768x366.jpg 768w, http:\/\/www.ecocenter.hu\/wp-content\/uploads\/2020\/11\/r\u00e1ba_.jpg 832w\" sizes=\"auto, (max-width: 186px) 100vw, 186px\" \/><\/a><a href=\"http:\/\/www.ecocenter.hu\/wp-content\/uploads\/2020\/11\/build.png\"><img loading=\"lazy\" decoding=\"async\" class=\"alignnone wp-image-1327\" src=\"http:\/\/www.ecocenter.hu\/wp-content\/uploads\/2020\/11\/build-300x62.png\" alt=\"build\" width=\"276\" height=\"57\" srcset=\"http:\/\/www.ecocenter.hu\/wp-content\/uploads\/2020\/11\/build-300x62.png 300w, http:\/\/www.ecocenter.hu\/wp-content\/uploads\/2020\/11\/build-768x160.png 768w, http:\/\/www.ecocenter.hu\/wp-content\/uploads\/2020\/11\/build-1024x213.png 1024w, http:\/\/www.ecocenter.hu\/wp-content\/uploads\/2020\/11\/build.png 1385w\" sizes=\"auto, (max-width: 276px) 100vw, 276px\" \/><\/a><a href=\"http:\/\/www.ecocenter.hu\/wp-content\/uploads\/2020\/11\/europ.png\"><img loading=\"lazy\" decoding=\"async\" class=\"alignnone wp-image-1328\" src=\"http:\/\/www.ecocenter.hu\/wp-content\/uploads\/2020\/11\/europ-300x30.png\" alt=\"europ\" width=\"270\" height=\"27\" srcset=\"http:\/\/www.ecocenter.hu\/wp-content\/uploads\/2020\/11\/europ-300x30.png 300w, http:\/\/www.ecocenter.hu\/wp-content\/uploads\/2020\/11\/europ-768x78.png 768w, http:\/\/www.ecocenter.hu\/wp-content\/uploads\/2020\/11\/europ-1024x104.png 1024w, http:\/\/www.ecocenter.hu\/wp-content\/uploads\/2020\/11\/europ.png 1920w\" sizes=\"auto, (max-width: 270px) 100vw, 270px\" \/><\/a><\/h5>\n","protected":false},"excerpt":{"rendered":"<p>ECO-EDU: Innovative eco-conscious attitude formation in education SKHU\/WETA\/1901\/4.1\/022 Duration: 2020.04.01-2020.12.31 Total grant: 58.407,95 EUR Implementation organizations: Ecocenter Alap\u00edtv\u00e1ny (HU) Obec Svod\u00edn (SK)\u00a0 \u00a0\u00a0 Project summary: Education provides only general knowledge of environmental education, which is not sufficient for a true eco-conscious approach. Project-area is rich in natural and cultural values, traditional way of life harmonizes &hellip; <\/p>\n<p class=\"link-more\"><a href=\"http:\/\/www.ecocenter.hu\/en\/eco-edu-innovative-eco-conscious-attitude-formation-in-education\" class=\"more-link\">Read more<span class=\"screen-reader-text\"> &#8220;ECO-EDU &#8211; Innovative eco-conscious attitude formation in education&#8221;<\/span><\/a><\/p>\n","protected":false},"author":2,"featured_media":0,"parent":0,"menu_order":0,"comment_status":"closed","ping_status":"closed","template":"","meta":{"om_disable_all_campaigns":false,"_monsterinsights_skip_tracking":false,"_monsterinsights_sitenote_active":false,"_monsterinsights_sitenote_note":"","_monsterinsights_sitenote_category":0,"footnotes":""},"class_list":["post-1322","page","type-page","status-publish","hentry"],"aioseo_notices":[],"_links":{"self":[{"href":"http:\/\/www.ecocenter.hu\/en\/wp-json\/wp\/v2\/pages\/1322","targetHints":{"allow":["GET"]}}],"collection":[{"href":"http:\/\/www.ecocenter.hu\/en\/wp-json\/wp\/v2\/pages"}],"about":[{"href":"http:\/\/www.ecocenter.hu\/en\/wp-json\/wp\/v2\/types\/page"}],"author":[{"embeddable":true,"href":"http:\/\/www.ecocenter.hu\/en\/wp-json\/wp\/v2\/users\/2"}],"replies":[{"embeddable":true,"href":"http:\/\/www.ecocenter.hu\/en\/wp-json\/wp\/v2\/comments?post=1322"}],"version-history":[{"count":7,"href":"http:\/\/www.ecocenter.hu\/en\/wp-json\/wp\/v2\/pages\/1322\/revisions"}],"predecessor-version":[{"id":1338,"href":"http:\/\/www.ecocenter.hu\/en\/wp-json\/wp\/v2\/pages\/1322\/revisions\/1338"}],"wp:attachment":[{"href":"http:\/\/www.ecocenter.hu\/en\/wp-json\/wp\/v2\/media?parent=1322"}],"curies":[{"name":"wp","href":"https:\/\/api.w.org\/{rel}","templated":true}]}}